{"id":579,"date":"2025-12-24T23:16:38","date_gmt":"2025-12-24T21:16:38","guid":{"rendered":"https:\/\/michaeliten.org\/?page_id=579"},"modified":"2026-01-21T11:22:16","modified_gmt":"2026-01-21T10:22:16","slug":"brucke-zwischen-mitteleuropa-und-osteuropa","status":"publish","type":"page","link":"https:\/\/michaeliten.org\/cs\/brucke-zwischen-mitteleuropa-und-osteuropa\/","title":{"rendered":"Br\u00fccke zwischen Mitteleuropa und Osteuropa"},"content":{"rendered":"<div data-elementor-type=\"wp-page\" data-elementor-id=\"579\" class=\"elementor elementor-579\" data-elementor-post-type=\"page\">\n\t\t\t\t<div class=\"elementor-element elementor-element-5681d34 e-flex e-con-boxed e-con e-parent\" data-id=\"5681d34\" data-element_type=\"container\" data-e-type=\"container\">\n\t\t\t\t\t<div class=\"e-con-inner\">\n\t\t\t\t<div class=\"elementor-element elementor-element-63fefa6 elementor-widget elementor-widget-text-editor\" data-id=\"63fefa6\" data-element_type=\"widget\" data-e-type=\"widget\" data-widget_type=\"text-editor.default\">\n\t\t\t\t\t\t\t\t\t<p><em><img decoding=\"async\" class=\"wp-image-591 alignleft\" src=\"https:\/\/michaeliten.org\/wp-content\/uploads\/2025\/12\/photo_2025-12-25_08-11-18.jpg\" alt=\"\" width=\"142\" height=\"185\" srcset=\"https:\/\/michaeliten.org\/wp-content\/uploads\/2025\/12\/photo_2025-12-25_08-11-18.jpg 978w, https:\/\/michaeliten.org\/wp-content\/uploads\/2025\/12\/photo_2025-12-25_08-11-18-229x300.jpg 229w, https:\/\/michaeliten.org\/wp-content\/uploads\/2025\/12\/photo_2025-12-25_08-11-18-782x1024.jpg 782w, https:\/\/michaeliten.org\/wp-content\/uploads\/2025\/12\/photo_2025-12-25_08-11-18-768x1005.jpg 768w, https:\/\/michaeliten.org\/wp-content\/uploads\/2025\/12\/photo_2025-12-25_08-11-18-18x24.jpg 18w, https:\/\/michaeliten.org\/wp-content\/uploads\/2025\/12\/photo_2025-12-25_08-11-18-28x36.jpg 28w, https:\/\/michaeliten.org\/wp-content\/uploads\/2025\/12\/photo_2025-12-25_08-11-18-37x48.jpg 37w\" sizes=\"(max-width: 142px) 100vw, 142px\" \/><\/em><\/p><p><em>Und diese genannten drei Eigenschaften bestimmen daher das russische Wesen, eine gewisse Verbindung einzugehen mit dem mitteleurop\u00e4ischen, westeurop\u00e4ischen Wesen. Weil das russische Volkswesen anpassungsf\u00e4hig ist, ist es zun\u00e4chst berufen, dasjenige, wovon wir oft gesprochen haben, was es zu leisten hat im sechsten nachatlantischen Kulturzeitraum, zun\u00e4chst nicht durch Sch\u00f6pferisches, sondern durch sein Erleben zu leisten, indem es aufnimmt das, was ihm vom Westen kommt. Eine Art von geistiger Ehe habe ich es oftmals genannt, Jahre, ja ich darf sagen, Jahrzehnte vor dem Ausbruch dieses Krieges, eine Art Ehe, die notwendig ist zwischen dem mitteleurop\u00e4ischen Wesen und zwischen dem russischen Wesen in bezug auf die seelische Ent-wickelung.<\/em><\/p><p><em>Dadurch, da\u00df das russische Volk eine gewisse Abneigung gegen den Intellektualismus hat, werden gewisse soziale Einrichtungen geschaffen werden k\u00f6nnen mit dem russischen Volke, die nur m\u00f6glich sein werden, wenn die eben angedeutete Ehe wirklich stattfindet.<\/em><\/p><p><em>Und in einer \u00e4hnlichen Weise wird sich das russische Volkswesen zu verhalten haben gegen das, was innerhalb Mitteleuropas \u00fcberhaupt gegeben werden kann. Morgen werden wir im \u00f6ffentlichen Vortrag wiederum von solchen Dingen zu sprechen haben, die aus dem mitteleurop\u00e4ischen Wesen zu folgen haben, und die als etwas Gro\u00dfes, Gewaltiges, Unverg\u00e4ngliches einverleibt werden m\u00fcssen dem ganzen Entwickelungsgange der Menschheit. Aber das russische Volk wird annehmen m\u00fcssen dasjenige, was vom mitteleurop\u00e4ischen Wesen geleistet wird. Selbstsch\u00f6pferisch ist es zun\u00e4chst nicht innerhalb dieser nachatlantischen Zeit.<\/em><\/p><p style=\"text-align: right;\"><em>Rudolf Steiner, GA 174b<\/em><\/p>\t\t\t\t\t\t\t\t<\/div>\n\t\t\t\t<div class=\"elementor-element elementor-element-fc7828f elementor-widget elementor-widget-text-editor\" data-id=\"fc7828f\" data-element_type=\"widget\" data-e-type=\"widget\" data-widget_type=\"text-editor.default\">\n\t\t\t\t\t\t\t\t\t<p><strong>LIebe Michaeliten!<\/strong><\/p><p>Aus dem Mysterienzentrum Nordeuropas in J\u00e4rna wurde eine <strong>heilige Mantr<\/strong>a \u00fcbermittelt, durch die die mysteri\u00f6se Begr\u00fcndung der Sechsten Kulturepoche ihren Anfang nehmen wird. Diese wird sich noch \u00fcber 1500 Jahre der gegenw\u00e4rtigen F\u00fcnften Kulturepoche hinweg vorbereiten.<\/p><p>Das Wesen dieser Mantra liegt in einem Ruf, der aus Mitteleuropa nach Osteuropa ert\u00f6nt. Ihre Aktualit\u00e4t und Dringlichkeit bestehen darin, dass die kosmischen Rhythmen und die \u00e4u\u00dfere Weltsituation von den Michaeliten ein bewusstes Erwachen des slawischen Landes aus seinem jahrtausendelangen Schlaf fordern und damit den Beginn der Herstellung seiner Verbindung mit dem slawischen Erzengel.<\/p><p><a href=\"https:\/\/www.youtube.com\/@Michaeliten-org\">https:\/\/www.youtube.com\/@Michaeliten-org<\/a><\/p>\t\t\t\t\t\t\t\t<\/div>\n\t\t\t\t\t<\/div>\n\t\t\t\t<\/div>\n\t\t<div class=\"elementor-element elementor-element-d0dda36 e-flex e-con-boxed e-con e-parent\" data-id=\"d0dda36\" data-element_type=\"container\" data-e-type=\"container\">\n\t\t\t\t\t<div class=\"e-con-inner\">\n\t\t\t\t<div class=\"elementor-element elementor-element-05e7b15 elementor-widget elementor-widget-image\" data-id=\"05e7b15\" data-element_type=\"widget\" data-e-type=\"widget\" data-widget_type=\"image.default\">\n\t\t\t\t\t\t\t\t\t\t\t\t\t\t\t<img fetchpriority=\"high\" decoding=\"async\" width=\"1024\" height=\"770\" src=\"https:\/\/michaeliten.org\/wp-content\/uploads\/2026\/01\/Mantra-Werde-Licht22-1024x770.jpg\" class=\"attachment-large size-large wp-image-675\" alt=\"\" srcset=\"https:\/\/michaeliten.org\/wp-content\/uploads\/2026\/01\/Mantra-Werde-Licht22-1024x770.jpg 1024w, https:\/\/michaeliten.org\/wp-content\/uploads\/2026\/01\/Mantra-Werde-Licht22-300x225.jpg 300w, https:\/\/michaeliten.org\/wp-content\/uploads\/2026\/01\/Mantra-Werde-Licht22-768x577.jpg 768w, https:\/\/michaeliten.org\/wp-content\/uploads\/2026\/01\/Mantra-Werde-Licht22-1536x1154.jpg 1536w, https:\/\/michaeliten.org\/wp-content\/uploads\/2026\/01\/Mantra-Werde-Licht22-2048x1539.jpg 2048w, https:\/\/michaeliten.org\/wp-content\/uploads\/2026\/01\/Mantra-Werde-Licht22-24x18.jpg 24w, https:\/\/michaeliten.org\/wp-content\/uploads\/2026\/01\/Mantra-Werde-Licht22-36x27.jpg 36w, https:\/\/michaeliten.org\/wp-content\/uploads\/2026\/01\/Mantra-Werde-Licht22-48x36.jpg 48w\" sizes=\"(max-width: 1024px) 100vw, 1024px\" \/>\t\t\t\t\t\t\t\t\t\t\t\t\t\t\t<\/div>\n\t\t\t\t\t<\/div>\n\t\t\t\t<\/div>\n\t\t<div class=\"elementor-element elementor-element-e556770 e-flex e-con-boxed e-con e-parent\" data-id=\"e556770\" data-element_type=\"container\" data-e-type=\"container\">\n\t\t\t\t\t<div class=\"e-con-inner\">\n\t\t<div class=\"elementor-element elementor-element-262939a e-grid e-con-full e-con e-child\" data-id=\"262939a\" data-element_type=\"container\" data-e-type=\"container\">\n\t\t\t\t<div class=\"elementor-element elementor-element-90519d6 elementor-widget elementor-widget-heading\" data-id=\"90519d6\" data-element_type=\"widget\" data-e-type=\"widget\" data-widget_type=\"heading.default\">\n\t\t\t\t\t<h6 class=\"elementor-heading-title elementor-size-default\">Werde Licht, <br>\nHeil'ge-Russische Erde, <br>\nBeten wollen wir<br>\nAus Hoffnung,<br>\nZart auf dich tretend,<br>\nO, Heil'ge-Russische Erde!<br>\nWerde...<br><\/h6>\t\t\t\t<\/div>\n\t\t\t\t<div class=\"elementor-element elementor-element-637bf67 elementor-widget elementor-widget-heading\" data-id=\"637bf67\" data-element_type=\"widget\" data-e-type=\"widget\" data-widget_type=\"heading.default\">\n\t\t\t\t\t<h6 class=\"elementor-heading-title elementor-size-default\">\u0421\u0442\u0430\u043d\u044c \u0441\u0432\u0456\u0442\u043b\u043e\u043c,<br>\n\u0421\u0432\u044f\u0442\u043e-\u0420\u0443\u0441\u044c\u043a\u0430 \u0417\u0435\u043c\u043b\u0435,<br>\n\u041c\u043e\u043b\u0438\u0442\u0438 \u0445\u043e\u0447\u0435\u043c\u043e \u043c\u0438<br>\n\u0406\u0437 \u041d\u0430\u0434\u0456\u0457,<br>\n\u041c'\u044f\u043a\u043e \u043d\u0430 \u0442\u0435\u0431\u0435 \u0441\u0442\u0443\u043f\u0430\u044e\u0447\u0438,<br>\n\u041e, \u0421\u0432\u044f\u0442\u043e-\u0420\u0443\u0441\u044c\u043a\u0430 \u0417\u0435\u043c\u043b\u0435!<br>\n\u0421\u0442\u0430\u043d\u044c...<br><\/h6>\t\t\t\t<\/div>\n\t\t\t\t<div class=\"elementor-element elementor-element-61c898a elementor-widget elementor-widget-heading\" data-id=\"61c898a\" data-element_type=\"widget\" data-e-type=\"widget\" data-widget_type=\"heading.default\">\n\t\t\t\t\t<h6 class=\"elementor-heading-title elementor-size-default\">\n\u0421\u0442\u0430\u043d\u044c \u0441\u0432\u0435\u0442\u043e\u043c,<br>\n\u0421\u0432\u044f\u0442\u043e-\u0420\u0443\u0441\u0441\u043a\u0430\u044f \u0417\u0435\u043c\u043b\u044f,<br>\n\u041c\u043e\u043b\u0438\u0442\u044c \u0445\u043e\u0442\u0438\u043c \u043c\u044b<br>\n\u0418\u0437 \u041d\u0430\u0434\u0436\u0435\u0434\u044b,<br>\n\u041c\u044f\u0433\u043a\u043e \u043d\u0430 \u0442\u0435\u0431\u044f \u0441\u0442\u0443\u043f\u0430\u044f,<br>\n\u041e, \u0421\u0432\u044f\u0442\u043e-\u0420\u0443\u0441\u0441\u043a\u0430\u044f \u0417\u0435\u043c\u043b\u044f!<br>\n\u0421\u0442\u0430\u043d\u044c...<br><\/h6>\t\t\t\t<\/div>\n\t\t\t\t<\/div>\n\t\t\t\t\t<\/div>\n\t\t\t\t<\/div>\n\t\t\t\t<\/div>","protected":false},"excerpt":{"rendered":"<p>Und diese genannten drei Eigenschaften bestimmen daher das russische Wesen, eine gewisse Verbindung einzugehen mit dem mitteleurop\u00e4ischen, westeurop\u00e4ischen Wesen. Weil [&hellip;]<\/p>","protected":false},"author":2,"featured_media":0,"parent":0,"menu_order":0,"comment_status":"closed","ping_status":"closed","template":"","meta":{"_acf_changed":false,"site-sidebar-layout":"no-sidebar","site-content-layout":"","ast-site-content-layout":"full-width-container","site-content-style":"default","site-sidebar-style":"default","ast-global-header-display":"","ast-banner-title-visibility":"","ast-main-header-display":"","ast-hfb-above-header-display":"","ast-hfb-below-header-display":"","ast-hfb-mobile-header-display":"","site-post-title":"","ast-breadcrumbs-content":"","ast-featured-img":"disabled","footer-sml-layout":"","theme-transparent-header-meta":"","adv-header-id-meta":"","stick-header-meta":"","header-above-stick-meta":"","header-main-stick-meta":"","header-below-stick-meta":"","astra-migrate-meta-layouts":"default","ast-page-background-enabled":"default","ast-page-background-meta":{"desktop":{"background-color":"var(--ast-global-color-5)","background-image":"","background-repeat":"repeat","background-position":"center center","background-size":"auto","background-attachment":"scroll","background-type":"","background-media":"","overlay-type":"","overlay-color":"","overlay-opacity":"","overlay-gradient":""},"tablet":{"background-color":"","background-image":"","background-repeat":"repeat","background-position":"center center","background-size":"auto","background-attachment":"scroll","background-type":"","background-media":"","overlay-type":"","overlay-color":"","overlay-opacity":"","overlay-gradient":""},"mobile":{"background-color":"","background-image":"","background-repeat":"repeat","background-position":"center center","background-size":"auto","background-attachment":"scroll","background-type":"","background-media":"","overlay-type":"","overlay-color":"","overlay-opacity":"","overlay-gradient":""}},"ast-content-background-meta":{"desktop":{"background-color":"var(--ast-global-color-4)","background-image":"","background-repeat":"repeat","background-position":"center center","background-size":"auto","background-attachment":"scroll","background-type":"","background-media":"","overlay-type":"","overlay-color":"","overlay-opacity":"","overlay-gradient":""},"tablet":{"background-color":"var(--ast-global-color-4)","background-image":"","background-repeat":"repeat","background-position":"center center","background-size":"auto","background-attachment":"scroll","background-type":"","background-media":"","overlay-type":"","overlay-color":"","overlay-opacity":"","overlay-gradient":""},"mobile":{"background-color":"var(--ast-global-color-4)","background-image":"","background-repeat":"repeat","background-position":"center center","background-size":"auto","background-attachment":"scroll","background-type":"","background-media":"","overlay-type":"","overlay-color":"","overlay-opacity":"","overlay-gradient":""}},"footnotes":""},"class_list":["post-579","page","type-page","status-publish","hentry"],"acf":[],"_links":{"self":[{"href":"https:\/\/michaeliten.org\/cs\/wp-json\/wp\/v2\/pages\/579","targetHints":{"allow":["GET"]}}],"collection":[{"href":"https:\/\/michaeliten.org\/cs\/wp-json\/wp\/v2\/pages"}],"about":[{"href":"https:\/\/michaeliten.org\/cs\/wp-json\/wp\/v2\/types\/page"}],"author":[{"embeddable":true,"href":"https:\/\/michaeliten.org\/cs\/wp-json\/wp\/v2\/users\/2"}],"replies":[{"embeddable":true,"href":"https:\/\/michaeliten.org\/cs\/wp-json\/wp\/v2\/comments?post=579"}],"version-history":[{"count":43,"href":"https:\/\/michaeliten.org\/cs\/wp-json\/wp\/v2\/pages\/579\/revisions"}],"predecessor-version":[{"id":689,"href":"https:\/\/michaeliten.org\/cs\/wp-json\/wp\/v2\/pages\/579\/revisions\/689"}],"wp:attachment":[{"href":"https:\/\/michaeliten.org\/cs\/wp-json\/wp\/v2\/media?parent=579"}],"curies":[{"name":"wp","href":"https:\/\/api.w.org\/{rel}","templated":true}]}}