{"id":579,"date":"2025-12-24T23:16:38","date_gmt":"2025-12-24T21:16:38","guid":{"rendered":"https:\/\/michaeliten.org\/?page_id=579"},"modified":"2026-01-21T11:22:16","modified_gmt":"2026-01-21T10:22:16","slug":"most-mezi-stredni-a-vychodni-evropou","status":"publish","type":"page","link":"https:\/\/michaeliten.org\/cz\/brucke-zwischen-mitteleuropa-und-osteuropa\/","title":{"rendered":"Most mezi St\u0159edn\u00ed Evropou a V\u00fdchodn\u00ed Evropou"},"content":{"rendered":"<div data-elementor-type=\"wp-page\" data-elementor-id=\"579\" class=\"elementor elementor-579\" data-elementor-post-type=\"page\">\n\t\t\t\t<div class=\"elementor-element elementor-element-5681d34 e-flex e-con-boxed e-con e-parent\" data-id=\"5681d34\" data-element_type=\"container\" data-e-type=\"container\">\n\t\t\t\t\t<div class=\"e-con-inner\">\n\t\t\t\t<div class=\"elementor-element elementor-element-63fefa6 elementor-widget elementor-widget-text-editor\" data-id=\"63fefa6\" data-element_type=\"widget\" data-e-type=\"widget\" data-widget_type=\"text-editor.default\">\n\t\t\t\t\t\t\t\t\t<p><em><img decoding=\"async\" class=\"wp-image-591 alignleft\" src=\"https:\/\/michaeliten.org\/wp-content\/uploads\/2025\/12\/photo_2025-12-25_08-11-18.jpg\" alt=\"\" width=\"142\" height=\"185\" srcset=\"https:\/\/michaeliten.org\/wp-content\/uploads\/2025\/12\/photo_2025-12-25_08-11-18.jpg 978w, https:\/\/michaeliten.org\/wp-content\/uploads\/2025\/12\/photo_2025-12-25_08-11-18-229x300.jpg 229w, https:\/\/michaeliten.org\/wp-content\/uploads\/2025\/12\/photo_2025-12-25_08-11-18-782x1024.jpg 782w, https:\/\/michaeliten.org\/wp-content\/uploads\/2025\/12\/photo_2025-12-25_08-11-18-768x1005.jpg 768w, https:\/\/michaeliten.org\/wp-content\/uploads\/2025\/12\/photo_2025-12-25_08-11-18-18x24.jpg 18w, https:\/\/michaeliten.org\/wp-content\/uploads\/2025\/12\/photo_2025-12-25_08-11-18-28x36.jpg 28w, https:\/\/michaeliten.org\/wp-content\/uploads\/2025\/12\/photo_2025-12-25_08-11-18-37x48.jpg 37w\" sizes=\"(max-width: 142px) 100vw, 142px\" \/><\/em><\/p><p><em>A tyto uveden\u00e9 t\u0159i vlastnosti tak ur\u010duj\u00ed ruskou bytost, jist\u00e9 spojen\u00ed s bytost\u00ed st\u0159edoevropskou a z\u00e1padoevropskou. Proto\u017ee rusk\u00e1 n\u00e1rodn\u00ed bytost je p\u0159izp\u016fsobiv\u00e1, je v prv\u00e9 \u0159ad\u011b povol\u00e1na k tomu, aby dos\u00e1hla toho, o \u010dem jsme \u010dasto mluvili, co m\u00e1 v \u0161est\u00e9m poatlantick\u00e9m kulturn\u00edm obdob\u00ed dos\u00e1hnout, nejprve ne skrze tvo\u0159ivost, ale skrze sv\u00e9 pro\u017e\u00edv\u00e1n\u00ed, t\u00edm, \u017ee p\u0159ij\u00edm\u00e1 to, co k n\u00ed p\u0159ich\u00e1z\u00ed ze Z\u00e1padu. Nazval jsem to \u010dasto jak\u00fdmsi duchovn\u00edm man\u017eelstv\u00edm, roky, ano dovol\u00edm si \u0159\u00edci, desetilet\u00ed p\u0159ed vypuknut\u00edm t\u00e9to v\u00e1lky, jak\u00fdmsi nezbytn\u00fdm man\u017eelstv\u00edm mezi bytost\u00ed st\u0159edoevropskou a bytost\u00ed ruskou s ohledem na duchovn\u00ed v\u00fdvoj.<\/em><\/p><p><em>Skute\u010dnost, \u017ee rusk\u00fd lid m\u00e1 jistou averzi v\u016f\u010di intelektualismu, umo\u017en\u00ed vytvo\u0159en\u00ed ur\u010dit\u00fdch spole\u010densk\u00fdch instituc\u00ed s rusk\u00fdm lidem, kter\u00e9 budou mo\u017en\u00e9 pouze tehdy, pokud dojde k pr\u00e1v\u011b nazna\u010den\u00e9mu splynut\u00ed.<\/em><\/p><p><em>A podobn\u00fdm zp\u016fsobem se bude muset rusk\u00e9 n\u00e1rodn\u00ed byt\u00ed chovat k tomu, co m\u016f\u017ee b\u00fdt v r\u00e1mci st\u0159edn\u00ed Evropy v\u016fbec d\u00e1no. Z\u00edtra budeme v ve\u0159ejn\u00e9 p\u0159edn\u00e1\u0161ce znovu hovo\u0159it o takov\u00fdch v\u011bcech, je\u017e vypl\u00fdvaj\u00ed ze st\u0159edoevropsk\u00e9ho byt\u00ed a je\u017e mus\u00ed b\u00fdt jako n\u011bco velk\u00e9ho, mocn\u00e9ho, nezni\u010diteln\u00e9ho za\u010dlen\u011bny do cel\u00e9ho v\u00fdvoje lidstva. Ale rusk\u00fd n\u00e1rod bude muset p\u0159ijmout to, co je vykon\u00e1no st\u0159edoevropsk\u00fdm byt\u00edm. Samotvorn\u00e9 nen\u00ed v prvn\u00ed \u0159ad\u011b v tomto poatlantick\u00e9m \u010dase.<\/em><\/p><p style=\"text-align: right;\"><em>Rudolf Steiner, GA 174b<\/em><\/p>\t\t\t\t\t\t\t\t<\/div>\n\t\t\t\t<div class=\"elementor-element elementor-element-fc7828f elementor-widget elementor-widget-text-editor\" data-id=\"fc7828f\" data-element_type=\"widget\" data-e-type=\"widget\" data-widget_type=\"text-editor.default\">\n\t\t\t\t\t\t\t\t\t<p><strong>Mil\u00ed Michaelit\u00e9!<\/strong><\/p><p>Z mystick\u00e9ho centra severn\u00ed Evropy v J\u00e4rn\u011b bylo vysl\u00e1no <strong>Svat\u00e9 mantry<\/strong>a p\u0159ed\u00e1v\u00e1, kter\u00fdm se za\u010dne odv\u00edjet tajemn\u00e9 zd\u016fvodn\u011bn\u00ed \u0160est\u00e9 kulturn\u00ed epochy. Tato se bude je\u0161t\u011b 1500 let p\u0159ipravovat v r\u00e1mci sou\u010dasn\u00e9 P\u00e1t\u00e9 kulturn\u00ed epochy.<\/p><p>Podstata t\u011bchto manter spo\u010d\u00edv\u00e1 v vol\u00e1n\u00ed, kter\u00e9 zn\u00ed ze st\u0159edn\u00ed Evropy na v\u00fdchod Evropy. Jejich aktu\u00e1lnost a nal\u00e9havost spo\u010d\u00edv\u00e1 v tom, \u017ee kosmick\u00e9 rytmy a vn\u011bj\u0161\u00ed sv\u011btov\u00e1 situace vy\u017eaduj\u00ed od Michaelit\u016f v\u011bdom\u00e9 probuzen\u00ed slovansk\u00e9ho \u00fazem\u00ed z jeho tis\u00edcilet\u00e9ho sp\u00e1nku, a t\u00edm zah\u00e1jen\u00ed nav\u00e1z\u00e1n\u00ed jeho spojen\u00ed se slovansk\u00fdm archand\u011blem.<\/p><p><a href=\"https:\/\/www.youtube.com\/@Michaeliten-org\">https:\/\/www.youtube.com\/@Michaeliten-org<\/a><\/p>\t\t\t\t\t\t\t\t<\/div>\n\t\t\t\t\t<\/div>\n\t\t\t\t<\/div>\n\t\t<div class=\"elementor-element elementor-element-d0dda36 e-flex e-con-boxed e-con e-parent\" data-id=\"d0dda36\" data-element_type=\"container\" data-e-type=\"container\">\n\t\t\t\t\t<div class=\"e-con-inner\">\n\t\t\t\t<div class=\"elementor-element elementor-element-05e7b15 elementor-widget elementor-widget-image\" data-id=\"05e7b15\" data-element_type=\"widget\" data-e-type=\"widget\" data-widget_type=\"image.default\">\n\t\t\t\t\t\t\t\t\t\t\t\t\t\t\t<img fetchpriority=\"high\" decoding=\"async\" width=\"1024\" height=\"770\" src=\"https:\/\/michaeliten.org\/wp-content\/uploads\/2026\/01\/Mantra-Werde-Licht22-1024x770.jpg\" class=\"attachment-large size-large wp-image-675\" alt=\"\" srcset=\"https:\/\/michaeliten.org\/wp-content\/uploads\/2026\/01\/Mantra-Werde-Licht22-1024x770.jpg 1024w, https:\/\/michaeliten.org\/wp-content\/uploads\/2026\/01\/Mantra-Werde-Licht22-300x225.jpg 300w, https:\/\/michaeliten.org\/wp-content\/uploads\/2026\/01\/Mantra-Werde-Licht22-768x577.jpg 768w, https:\/\/michaeliten.org\/wp-content\/uploads\/2026\/01\/Mantra-Werde-Licht22-1536x1154.jpg 1536w, https:\/\/michaeliten.org\/wp-content\/uploads\/2026\/01\/Mantra-Werde-Licht22-2048x1539.jpg 2048w, https:\/\/michaeliten.org\/wp-content\/uploads\/2026\/01\/Mantra-Werde-Licht22-24x18.jpg 24w, https:\/\/michaeliten.org\/wp-content\/uploads\/2026\/01\/Mantra-Werde-Licht22-36x27.jpg 36w, https:\/\/michaeliten.org\/wp-content\/uploads\/2026\/01\/Mantra-Werde-Licht22-48x36.jpg 48w\" sizes=\"(max-width: 1024px) 100vw, 1024px\" \/>\t\t\t\t\t\t\t\t\t\t\t\t\t\t\t<\/div>\n\t\t\t\t\t<\/div>\n\t\t\t\t<\/div>\n\t\t<div class=\"elementor-element elementor-element-e556770 e-flex e-con-boxed e-con e-parent\" data-id=\"e556770\" data-element_type=\"container\" data-e-type=\"container\">\n\t\t\t\t\t<div class=\"e-con-inner\">\n\t\t<div class=\"elementor-element elementor-element-262939a e-grid e-con-full e-con e-child\" data-id=\"262939a\" data-element_type=\"container\" data-e-type=\"container\">\n\t\t\t\t<div class=\"elementor-element elementor-element-90519d6 elementor-widget elementor-widget-heading\" data-id=\"90519d6\" data-element_type=\"widget\" data-e-type=\"widget\" data-widget_type=\"heading.default\">\n\t\t\t\t\t<h6 class=\"elementor-heading-title elementor-size-default\">Sta\u0148 se sv\u011btlem, <br>\nSvat\u00e1 rusk\u00e1 zemi, <br>\nChceme se modlit<br>\nZ nad\u011bje,<br>\nLehnu si na tebe,<br>\nAch, Svat\u00e1 rusk\u00e1 zemi!<br>\nStan se...<br><\/h6>\t\t\t\t<\/div>\n\t\t\t\t<div class=\"elementor-element elementor-element-637bf67 elementor-widget elementor-widget-heading\" data-id=\"637bf67\" data-element_type=\"widget\" data-e-type=\"widget\" data-widget_type=\"heading.default\">\n\t\t\t\t\t<h6 class=\"elementor-heading-title elementor-size-default\">Sta\u0148 se sv\u011btlem,<br>\nSvat\u00e1 Rusk\u00e1 zem\u011b,<br>\nChceme se modlit<br>\nZ Nadiji,<br>\nJemn\u011b na tebe \u0161lapaj\u00edc,<br>\n\u00d3, Svat\u00e1 Rusk\u00e1 zemi!<br>\nSta\u0148 se...<br><\/h6>\t\t\t\t<\/div>\n\t\t\t\t<div class=\"elementor-element elementor-element-61c898a elementor-widget elementor-widget-heading\" data-id=\"61c898a\" data-element_type=\"widget\" data-e-type=\"widget\" data-widget_type=\"heading.default\">\n\t\t\t\t\t<h6 class=\"elementor-heading-title elementor-size-default\">\nSta\u0148 se sv\u011btlem,<br>\n\u0421\u0432\u044f\u0442\u043e-\u0420\u0443\u0441\u0441\u043a\u0430\u044f \u0437\u0435\u043c\u043b\u044f,<br>\nChceme se modlit<br>\nZ Nad\u011bje,<br>\nJemn\u011b na tebe \u0161lapu,<br>\n\u00d3, Svat\u00e1 Rusk\u00e1 zem\u011b!<br>\nSta\u0148 se...<br><\/h6>\t\t\t\t<\/div>\n\t\t\t\t<\/div>\n\t\t\t\t\t<\/div>\n\t\t\t\t<\/div>\n\t\t\t\t<\/div>","protected":false},"excerpt":{"rendered":"<p>Und diese genannten drei Eigenschaften bestimmen daher das russische Wesen, eine gewisse Verbindung einzugehen mit dem mitteleurop\u00e4ischen, westeurop\u00e4ischen Wesen. Weil [&hellip;]<\/p>\n","protected":false},"author":2,"featured_media":0,"parent":0,"menu_order":0,"comment_status":"closed","ping_status":"closed","template":"","meta":{"_acf_changed":false,"site-sidebar-layout":"no-sidebar","site-content-layout":"","ast-site-content-layout":"full-width-container","site-content-style":"default","site-sidebar-style":"default","ast-global-header-display":"","ast-banner-title-visibility":"","ast-main-header-display":"","ast-hfb-above-header-display":"","ast-hfb-below-header-display":"","ast-hfb-mobile-header-display":"","site-post-title":"","ast-breadcrumbs-content":"","ast-featured-img":"disabled","footer-sml-layout":"","theme-transparent-header-meta":"","adv-header-id-meta":"","stick-header-meta":"","header-above-stick-meta":"","header-main-stick-meta":"","header-below-stick-meta":"","astra-migrate-meta-layouts":"default","ast-page-background-enabled":"default","ast-page-background-meta":{"desktop":{"background-color":"var(--ast-global-color-5)","background-image":"","background-repeat":"repeat","background-position":"center center","background-size":"auto","background-attachment":"scroll","background-type":"","background-media":"","overlay-type":"","overlay-color":"","overlay-opacity":"","overlay-gradient":""},"tablet":{"background-color":"","background-image":"","background-repeat":"repeat","background-position":"center center","background-size":"auto","background-attachment":"scroll","background-type":"","background-media":"","overlay-type":"","overlay-color":"","overlay-opacity":"","overlay-gradient":""},"mobile":{"background-color":"","background-image":"","background-repeat":"repeat","background-position":"center center","background-size":"auto","background-attachment":"scroll","background-type":"","background-media":"","overlay-type":"","overlay-color":"","overlay-opacity":"","overlay-gradient":""}},"ast-content-background-meta":{"desktop":{"background-color":"var(--ast-global-color-4)","background-image":"","background-repeat":"repeat","background-position":"center center","background-size":"auto","background-attachment":"scroll","background-type":"","background-media":"","overlay-type":"","overlay-color":"","overlay-opacity":"","overlay-gradient":""},"tablet":{"background-color":"var(--ast-global-color-4)","background-image":"","background-repeat":"repeat","background-position":"center center","background-size":"auto","background-attachment":"scroll","background-type":"","background-media":"","overlay-type":"","overlay-color":"","overlay-opacity":"","overlay-gradient":""},"mobile":{"background-color":"var(--ast-global-color-4)","background-image":"","background-repeat":"repeat","background-position":"center center","background-size":"auto","background-attachment":"scroll","background-type":"","background-media":"","overlay-type":"","overlay-color":"","overlay-opacity":"","overlay-gradient":""}},"footnotes":""},"class_list":["post-579","page","type-page","status-publish","hentry"],"acf":[],"_links":{"self":[{"href":"https:\/\/michaeliten.org\/cz\/wp-json\/wp\/v2\/pages\/579","targetHints":{"allow":["GET"]}}],"collection":[{"href":"https:\/\/michaeliten.org\/cz\/wp-json\/wp\/v2\/pages"}],"about":[{"href":"https:\/\/michaeliten.org\/cz\/wp-json\/wp\/v2\/types\/page"}],"author":[{"embeddable":true,"href":"https:\/\/michaeliten.org\/cz\/wp-json\/wp\/v2\/users\/2"}],"replies":[{"embeddable":true,"href":"https:\/\/michaeliten.org\/cz\/wp-json\/wp\/v2\/comments?post=579"}],"version-history":[{"count":43,"href":"https:\/\/michaeliten.org\/cz\/wp-json\/wp\/v2\/pages\/579\/revisions"}],"predecessor-version":[{"id":689,"href":"https:\/\/michaeliten.org\/cz\/wp-json\/wp\/v2\/pages\/579\/revisions\/689"}],"wp:attachment":[{"href":"https:\/\/michaeliten.org\/cz\/wp-json\/wp\/v2\/media?parent=579"}],"curies":[{"name":"wp","href":"https:\/\/api.w.org\/{rel}","templated":true}]}}