{"id":137,"date":"2025-09-06T23:08:55","date_gmt":"2025-09-06T20:08:55","guid":{"rendered":"https:\/\/michaeliten.org\/?page_id=137"},"modified":"2026-03-18T06:34:12","modified_gmt":"2026-03-18T05:34:12","slug":"michaeliten","status":"publish","type":"page","link":"https:\/\/michaeliten.org\/es\/michaeliten\/","title":{"rendered":"Michaeliten"},"content":{"rendered":"<div data-elementor-type=\"wp-page\" data-elementor-id=\"137\" class=\"elementor elementor-137\" data-elementor-post-type=\"page\">\n\t\t\t\t<div class=\"elementor-element elementor-element-6e61bc4 e-flex e-con-boxed e-con e-parent\" data-id=\"6e61bc4\" data-element_type=\"container\" data-e-type=\"container\">\n\t\t\t\t\t<div class=\"e-con-inner\">\n\t\t<div class=\"elementor-element elementor-element-aa487f9 e-con-full e-flex e-con e-child\" data-id=\"aa487f9\" data-element_type=\"container\" data-e-type=\"container\">\n\t\t<div class=\"elementor-element elementor-element-78c15be e-con-full e-flex e-con e-child\" data-id=\"78c15be\" data-element_type=\"container\" data-e-type=\"container\">\n\t\t\t\t<div class=\"elementor-element elementor-element-c20d882 elementor-widget elementor-widget-text-editor\" data-id=\"c20d882\" data-element_type=\"widget\" data-e-type=\"widget\" data-widget_type=\"text-editor.default\">\n\t\t\t\t\t\t\t\t\t<p><a href=\"#6Sig\"><img fetchpriority=\"high\" decoding=\"async\" class=\"size-medium wp-image-104 alignnone\" src=\"http:\/\/michaeliten.org\/wp-content\/uploads\/2025\/09\/Michael-Siegel3_round-296x300.png\" alt=\"\" width=\"296\" height=\"300\" srcset=\"https:\/\/michaeliten.org\/wp-content\/uploads\/2025\/09\/Michael-Siegel3_round-296x300.png 296w, https:\/\/michaeliten.org\/wp-content\/uploads\/2025\/09\/Michael-Siegel3_round.png 521w\" sizes=\"(max-width: 296px) 100vw, 296px\" \/><\/a><a href=\"http:\/\/michaeliten.org\/von-michaeliten#6Sig\">6.<em>Siegel, Clara Rettich, 1907<\/em><\/a><\/p>\t\t\t\t\t\t\t\t<\/div>\n\t\t\t\t<\/div>\n\t\t\t\t<div class=\"elementor-element elementor-element-b5ced97 elementor-widget elementor-widget-video\" data-id=\"b5ced97\" data-element_type=\"widget\" data-e-type=\"widget\" data-settings=\"{&quot;youtube_url&quot;:&quot;https:\\\/\\\/www.youtube.com\\\/watch?v=QnSg69nZ7H0&amp;t=90s&quot;,&quot;video_type&quot;:&quot;youtube&quot;,&quot;controls&quot;:&quot;yes&quot;}\" data-widget_type=\"video.default\">\n\t\t\t\t\t\t\t<div class=\"elementor-wrapper elementor-open-inline\">\n\t\t\t<div class=\"elementor-video\"><\/div>\t\t<\/div>\n\t\t\t\t\t\t<\/div>\n\t\t<div class=\"elementor-element elementor-element-3ed68e8 e-con-full e-flex e-con e-child\" data-id=\"3ed68e8\" data-element_type=\"container\" data-e-type=\"container\">\n\t\t\t\t<div class=\"elementor-element elementor-element-9dc7f63 elementor-widget elementor-widget-text-editor\" data-id=\"9dc7f63\" data-element_type=\"widget\" data-e-type=\"widget\" data-widget_type=\"text-editor.default\">\n\t\t\t\t\t\t\t\t\t<p><img decoding=\"async\" class=\"alignnone size-full wp-image-960\" src=\"https:\/\/michaeliten.org\/wp-content\/uploads\/2026\/03\/Site_Steiner.jpg\" alt=\"\" width=\"253\" height=\"248\" srcset=\"https:\/\/michaeliten.org\/wp-content\/uploads\/2026\/03\/Site_Steiner.jpg 253w, https:\/\/michaeliten.org\/wp-content\/uploads\/2026\/03\/Site_Steiner-12x12.jpg 12w, https:\/\/michaeliten.org\/wp-content\/uploads\/2026\/03\/Site_Steiner-24x24.jpg 24w, https:\/\/michaeliten.org\/wp-content\/uploads\/2026\/03\/Site_Steiner-36x36.jpg 36w, https:\/\/michaeliten.org\/wp-content\/uploads\/2026\/03\/Site_Steiner-48x48.jpg 48w\" sizes=\"(max-width: 253px) 100vw, 253px\" \/>\u00a0<\/p><p><em><a href=\"http:\/\/michaeliten.org\/von-michaeliten#RSt\">Rudolf Steiner<\/a><\/em><\/p>\t\t\t\t\t\t\t\t<\/div>\n\t\t\t\t<\/div>\n\t\t<div class=\"elementor-element elementor-element-695d139 e-con-full e-flex e-con e-child\" data-id=\"695d139\" data-element_type=\"container\" data-e-type=\"container\">\n\t\t\t\t<div class=\"elementor-element elementor-element-2e4e31b elementor-widget elementor-widget-text-editor\" data-id=\"2e4e31b\" data-element_type=\"widget\" data-e-type=\"widget\" data-widget_type=\"text-editor.default\">\n\t\t\t\t\t\t\t\t\t<p><a href=\"#ItaWegman\"><img decoding=\"async\" class=\"alignnone wp-image-106\" src=\"http:\/\/michaeliten.org\/wp-content\/uploads\/2025\/09\/Wegman.png\" alt=\"\" width=\"241\" height=\"240\" srcset=\"https:\/\/michaeliten.org\/wp-content\/uploads\/2025\/09\/Wegman.png 222w, https:\/\/michaeliten.org\/wp-content\/uploads\/2025\/09\/Wegman-150x150.png 150w\" sizes=\"(max-width: 241px) 100vw, 241px\" \/><\/a><\/p><p><a href=\"http:\/\/michaeliten.org\/von-michaeliten\/#ItaWegman\"><em>Dr. Ita Wegman<\/em><\/a><\/p>\t\t\t\t\t\t\t\t<\/div>\n\t\t\t\t<\/div>\n\t\t<div class=\"elementor-element elementor-element-894e7b9 e-con-full e-flex e-con e-child\" data-id=\"894e7b9\" data-element_type=\"container\" data-e-type=\"container\">\n\t\t\t\t<div class=\"elementor-element elementor-element-8f93205 elementor-widget elementor-widget-text-editor\" data-id=\"8f93205\" data-element_type=\"widget\" data-e-type=\"widget\" data-widget_type=\"text-editor.default\">\n\t\t\t\t\t\t\t\t\t<p><img loading=\"lazy\" decoding=\"async\" class=\"alignnone wp-image-304\" src=\"http:\/\/michaeliten.org\/wp-content\/uploads\/2025\/09\/Marie2.png\" alt=\"\" width=\"268\" height=\"240\" \/><\/p><p><em><a href=\"http:\/\/michaeliten.org\/von-michaeliten\/#MarieSteiner\" data-wplink-edit=\"true\">Marie Steiner<\/a><\/em><\/p>\t\t\t\t\t\t\t\t<\/div>\n\t\t\t\t<\/div>\n\t\t<div class=\"elementor-element elementor-element-abdddf5 e-con-full e-flex e-con e-child\" data-id=\"abdddf5\" data-element_type=\"container\" data-e-type=\"container\">\n\t\t\t\t<div class=\"elementor-element elementor-element-8633694 elementor-widget elementor-widget-text-editor\" data-id=\"8633694\" data-element_type=\"widget\" data-e-type=\"widget\" data-widget_type=\"text-editor.default\">\n\t\t\t\t\t\t\t\t\t<p><a href=\"#BernhardLievegoed\"><img loading=\"lazy\" decoding=\"async\" class=\"alignnone wp-image-107\" src=\"http:\/\/michaeliten.org\/wp-content\/uploads\/2025\/09\/Bernard.png\" alt=\"\" width=\"245\" height=\"240\" \/><\/a><\/p><p><a href=\"http:\/\/michaeliten.org\/von-michaeliten#BernardLievegoed\"><em>Bernhard Lievegoed<\/em><\/a><\/p>\t\t\t\t\t\t\t\t<\/div>\n\t\t\t\t<\/div>\n\t\t\t\t<\/div>\n\t\t\t\t\t<\/div>\n\t\t\t\t<\/div>\n\t\t<div class=\"elementor-element elementor-element-706a8d2 e-flex e-con-boxed e-con e-parent\" data-id=\"706a8d2\" data-element_type=\"container\" data-e-type=\"container\">\n\t\t\t\t\t<div class=\"e-con-inner\">\n\t\t\t\t<div class=\"elementor-element elementor-element-dd761cd elementor-widget elementor-widget-text-editor\" data-id=\"dd761cd\" data-element_type=\"widget\" data-e-type=\"widget\" data-widget_type=\"text-editor.default\">\n\t\t\t\t\t\t\t\t\t<p>Alles, was auf dieser Website geschildert wird, setzt die Erweiterung der naturwissenschaftlichen Betrachtungsweise um die Anerkenntnis einer geistigen Welt und in ihr wirksamer Wesenheiten voraus. Wer nicht geneigt ist, Gedanken zuzulassen, die \u00fcber die materialistische Weltanschauung hinausf\u00fchren \u2013 ohne diese Anschauung zu negieren \u2013 wird naturgem\u00e4\u00df wenig damit anfangen k\u00f6nnen. Wer jedoch bemerkt, wie er sich der vermeintlichen Grenzen der Erkenntnis an der Grenze der Sinnesanschauung bewu\u00dft wird, der kann sich auch bewu\u00dft werden, wie diese Grenzen unter Beibehaltung der Anforderungen an das moderne Bewu\u00dftsein zu \u00fcberschreiten sind.<\/p><p>Anstelle von einengenden Definitionen sollen an dieser Stelle Charakterisierungen zur Frage von \u201eMichael\u201c und \u201eMichaeliten\u201c von verschiedenen Menschen stehen, deren Zahl sich gerne Schritt f\u00fcr Schritt erweitern darf. Der Leser mag dann selbst entscheiden, an welcher Stelle das Herz sofort mitschwingt und welchen Beitrag er zun\u00e4chst einfach stehen lassen mu\u00df, weil er \u00fcberhaupt nicht zu ihm spricht.<\/p><p>Denn es z\u00e4hlt mit zu den schwierigsten Aufgaben, Michael umf\u00e4nglich zu beschreiben. Zu gro\u00df ist die Bedeutung und das Wesen dieses Christus-Dieners f\u00fcr die Bedeutung der Entwicklung der Menschheit durch die Jahrtausende, da\u00df man ihn in eine Definition pressen kann.<\/p>\t\t\t\t\t\t\t\t<\/div>\n\t\t\t\t\t<\/div>\n\t\t\t\t<\/div>\n\t\t\t\t<\/div>","protected":false},"excerpt":{"rendered":"<p>6.Siegel, Clara Rettich, 1907 https:\/\/www.youtube.com\/watch?v=QnSg69nZ7H0&#038;t=90s \u00a0 Rudolf Steiner Dr. Ita Wegman Marie Steiner Bernhard Lievegoed Alles, was auf dieser Website [&hellip;]<\/p>","protected":false},"author":2,"featured_media":0,"parent":0,"menu_order":0,"comment_status":"closed","ping_status":"closed","template":"","meta":{"_acf_changed":false,"site-sidebar-layout":"no-sidebar","site-content-layout":"","ast-site-content-layout":"full-width-container","site-content-style":"default","site-sidebar-style":"default","ast-global-header-display":"","ast-banner-title-visibility":"","ast-main-header-display":"","ast-hfb-above-header-display":"","ast-hfb-below-header-display":"","ast-hfb-mobile-header-display":"","site-post-title":"","ast-breadcrumbs-content":"","ast-featured-img":"disabled","footer-sml-layout":"","theme-transparent-header-meta":"default","adv-header-id-meta":"","stick-header-meta":"","header-above-stick-meta":"","header-main-stick-meta":"","header-below-stick-meta":"","astra-migrate-meta-layouts":"default","ast-page-background-enabled":"default","ast-page-background-meta":{"desktop":{"background-color":"var(--ast-global-color-5)","background-image":"","background-repeat":"repeat","background-position":"center center","background-size":"auto","background-attachment":"scroll","background-type":"","background-media":"","overlay-type":"","overlay-color":"","overlay-opacity":"","overlay-gradient":""},"tablet":{"background-color":"","background-image":"","background-repeat":"repeat","background-position":"center center","background-size":"auto","background-attachment":"scroll","background-type":"","background-media":"","overlay-type":"","overlay-color":"","overlay-opacity":"","overlay-gradient":""},"mobile":{"background-color":"","background-image":"","background-repeat":"repeat","background-position":"center center","background-size":"auto","background-attachment":"scroll","background-type":"","background-media":"","overlay-type":"","overlay-color":"","overlay-opacity":"","overlay-gradient":""}},"ast-content-background-meta":{"desktop":{"background-color":"var(--ast-global-color-4)","background-image":"","background-repeat":"repeat","background-position":"center center","background-size":"auto","background-attachment":"scroll","background-type":"","background-media":"","overlay-type":"","overlay-color":"","overlay-opacity":"","overlay-gradient":""},"tablet":{"background-color":"var(--ast-global-color-4)","background-image":"","background-repeat":"repeat","background-position":"center center","background-size":"auto","background-attachment":"scroll","background-type":"","background-media":"","overlay-type":"","overlay-color":"","overlay-opacity":"","overlay-gradient":""},"mobile":{"background-color":"var(--ast-global-color-4)","background-image":"","background-repeat":"repeat","background-position":"center center","background-size":"auto","background-attachment":"scroll","background-type":"","background-media":"","overlay-type":"","overlay-color":"","overlay-opacity":"","overlay-gradient":""}},"footnotes":""},"class_list":["post-137","page","type-page","status-publish","hentry"],"acf":[],"_links":{"self":[{"href":"https:\/\/michaeliten.org\/es\/wp-json\/wp\/v2\/pages\/137","targetHints":{"allow":["GET"]}}],"collection":[{"href":"https:\/\/michaeliten.org\/es\/wp-json\/wp\/v2\/pages"}],"about":[{"href":"https:\/\/michaeliten.org\/es\/wp-json\/wp\/v2\/types\/page"}],"author":[{"embeddable":true,"href":"https:\/\/michaeliten.org\/es\/wp-json\/wp\/v2\/users\/2"}],"replies":[{"embeddable":true,"href":"https:\/\/michaeliten.org\/es\/wp-json\/wp\/v2\/comments?post=137"}],"version-history":[{"count":41,"href":"https:\/\/michaeliten.org\/es\/wp-json\/wp\/v2\/pages\/137\/revisions"}],"predecessor-version":[{"id":996,"href":"https:\/\/michaeliten.org\/es\/wp-json\/wp\/v2\/pages\/137\/revisions\/996"}],"wp:attachment":[{"href":"https:\/\/michaeliten.org\/es\/wp-json\/wp\/v2\/media?parent=137"}],"curies":[{"name":"wp","href":"https:\/\/api.w.org\/{rel}","templated":true}]}}