{"id":10,"date":"2025-09-06T10:21:31","date_gmt":"2025-09-06T07:21:31","guid":{"rendered":"https:\/\/michaeliten.org\/?page_id=10"},"modified":"2026-04-18T22:04:22","modified_gmt":"2026-04-18T20:04:22","slug":"home","status":"publish","type":"page","link":"https:\/\/michaeliten.org\/se\/","title":{"rendered":"Hem"},"content":{"rendered":"<div data-elementor-type=\"wp-page\" data-elementor-id=\"10\" class=\"elementor elementor-10\" data-elementor-post-type=\"page\">\n\t\t\t\t<div class=\"elementor-element elementor-element-6acf44b e-con-full e-flex e-con e-parent\" data-id=\"6acf44b\" data-element_type=\"container\" data-e-type=\"container\" data-settings=\"{&quot;background_background&quot;:&quot;classic&quot;}\">\n\t\t\t\t<div class=\"elementor-element elementor-element-6c37aea elementor-widget-mobile__width-inherit elementor-widget__width-initial elementor-widget elementor-widget-text-editor\" data-id=\"6c37aea\" data-element_type=\"widget\" data-e-type=\"widget\" data-widget_type=\"text-editor.default\">\n\t\t\t\t\t\t\t\t\t<p>Samtidigt som Rudolf Steiners nya mysterier grundades och dess nuvarande utveckling kulminerar ahriman och andra motst\u00e5ndares verksamhet p\u00e5 jorden. Han g\u00f6r allt f\u00f6r att f\u00f6rverkliga sin inkarnation i v\u00e5r tid \u2013 och f\u00f6rlitar sig d\u00e4rvid p\u00e5 en sovande m\u00e4nsklighet som inte vill k\u00e4nna igen honom.<\/p><p>De representanter f\u00f6r andliga str\u00f6mningar som vill tj\u00e4na Kristus-Michael kommer inte att bevisa f\u00f6r varandra vem som \u00e4r viktigast och mest v\u00e4rdefull i v\u00e5r tid eller kriga med varandra, utan kommer att samlas f\u00f6r att utf\u00f6ra gemensamma handlingar d\u00e4r var och en, med sin egen s\u00e4rart och unikhet, finner sin plats f\u00f6r att hela den sociala organismen.<\/p>\t\t\t\t\t\t\t\t<\/div>\n\t\t\t\t<\/div>\n\t\t<div class=\"elementor-element elementor-element-87923f9 e-flex e-con-boxed e-con e-parent\" data-id=\"87923f9\" data-element_type=\"container\" data-e-type=\"container\">\n\t\t\t\t\t<div class=\"e-con-inner\">\n\t\t\t\t<div class=\"elementor-element elementor-element-c1fbe0f elementor-widget elementor-widget-html\" data-id=\"c1fbe0f\" data-element_type=\"widget\" data-e-type=\"widget\" data-widget_type=\"html.default\">\n\t\t\t\t\t<style>\r\n.seminar-wrapper {\r\n  font-family: \"Trebuchet MS\", Arial, sans-serif;\r\n  max-width: 1100px;\r\n  margin: 40px auto;\r\n  padding: 20px;\r\n  color: #5a3a1a;\r\n}\r\n\r\n.seminar-header {\r\n  background: #b51c1c;\r\n  color: #fff;\r\n  text-align: center;\r\n  font-size: 28px;\r\n  font-weight: bold;\r\n  padding: 12px 0;\r\n  margin-bottom: 30px;\r\n}\r\n\r\n.seminar-layout {\r\n  display: flex;\r\n  gap: 40px;\r\n  align-items: flex-start;\r\n}\r\n\r\n.seminar-image img {\r\n  max-width: 360px;\r\n  width: 100%;\r\n  height: auto;\r\n  display: block;\r\n}\r\n\r\n.image-caption {\r\n  text-align: center;\r\n  font-size: 14px;\r\n  margin-top: 8px;\r\n  color: #444;\r\n}\r\n\r\n.seminar-content {\r\n  flex: 1;\r\n}\r\n\r\n.seminar-title {\r\n  font-size: 22px;\r\n  color: #b05a1c;\r\n  margin-bottom: 25px;\r\n}\r\n\r\n.highlight {\r\n  font-weight: bold;\r\n  letter-spacing: 1px;\r\n}\r\n\r\n.subtitle {\r\n  font-style: italic;\r\n}\r\n\r\n.seminar-block {\r\n  margin-bottom: 16px;\r\n  line-height: 1.5;\r\n}\r\n\r\n.seminar-price {\r\n  font-size: 20px;\r\n  font-weight: bold;\r\n  margin: 22px 0;\r\n}\r\n\r\n.note {\r\n  font-size: 14px;\r\n  color: #555;\r\n}\r\n\r\n.seminar-footer {\r\n  margin-top: 40px;\r\n  font-size: 16px;\r\n}\r\n\r\na {\r\n  color: #2b6cb0;\r\n  text-decoration: none;\r\n}\r\n\r\na:hover {\r\n  text-decoration: underline;\r\n}\r\n\r\n\/* \u041c\u043e\u0431\u0438\u043b\u044c\u043d\u0430\u044f \u0430\u0434\u0430\u043f\u0442\u0430\u0446\u0438\u044f *\/\r\n@media (max-width: 768px) {\r\n  .seminar-layout {\r\n    flex-direction: column;\r\n  }\r\n\r\n  .seminar-image img {\r\n    max-width: 100%;\r\n  }\r\n}\r\n\r\n<\/style>\r\n\t\t\t\t<\/div>\n\t\t\t\t\t<\/div>\n\t\t\t\t<\/div>\n\t\t<div class=\"elementor-element elementor-element-52b46da e-flex e-con-boxed e-con e-parent\" data-id=\"52b46da\" data-element_type=\"container\" data-e-type=\"container\">\n\t\t\t\t\t<div class=\"e-con-inner\">\n\t\t\t\t<div class=\"elementor-element elementor-element-46b63b7 elementor-widget elementor-widget-html\" data-id=\"46b63b7\" data-element_type=\"widget\" data-e-type=\"widget\" data-widget_type=\"html.default\">\n\t\t\t\t\t<div id=\"nordic-meeting\" class=\"seminar-wrapper\">\r\n\r\n  <div class=\"seminar-header\">\r\n    F\u00f6rberedelsestr\u00e4ff\r\n  <\/div>\r\n\r\n  <div class=\"seminar-layout\">\r\n\r\n    <!-- \u041a\u0430\u0440\u0442\u0438\u043d\u043a\u0430 -->\r\n    <div class=\"seminar-image\">\r\n      <img decoding=\"async\" src=\"https:\/\/michaeliten.org\/wp-content\/uploads\/2026\/04\/Nordic-Meeting-scaled.jpg\"\r\n           alt=\"Nordiska antroposofiska sommarm\u00f6tet \u2013 F\u00f6rberedelse\">\r\n      <div class=\"image-caption\">J\u00e4rna, Sverige<\/div>\r\n    <\/div>\r\n\r\n    <!-- \u041a\u043e\u043d\u0442\u0435\u043d\u0442 -->\r\n    <div class=\"seminar-content\">\r\n\r\n      <div class=\"seminar-title\">\r\n        F\u00f6rberedelser f\u00f6r Nordiska Antroposofiska Sommartr\u00e4ffen<br>\r\n        <span class=\"subtitle\">\r\n          Samverkan med de nordiska gudarna f\u00f6r m\u00e4nsklighetens uppgifter\r\n        <\/span>\r\n      <\/div>\r\n\r\n      <!-- \u0412\u0418\u0414\u0418\u041c\u0410\u042f \u0427\u0410\u0421\u0422\u042c -->\r\n      <div class=\"seminar-block\">\r\n        <strong>N\u00e4r &amp; Var:<\/strong><br>\r\n        24.04.2026 (17:00) \u2013 26.04.2026 (12:30)<br>\r\n        Vidar Klinik, Nibble 19, 153 91 J\u00e4rna, Sverige\r\n      <\/div>\r\n\r\n      <div class=\"seminar-block\">\r\n        <strong>Anm\u00e4lan<\/strong><br>\r\n        <a href=\"mailto:4x12michaeliten@gmail.com\">\r\n          4x12michaeliten@gmail.com\r\n        <\/a>\r\n      <\/div>\r\n\r\n      <div class=\"seminar-block\">\r\n        <em>\r\n        \u201eHj\u00e4rtan b\u00f6rjar f\u00e5 tankar.\nSj\u00e4len kan \u00e5ter f\u00e5 vingar.\u201c\r\n        <\/em>\r\n      <\/div>\r\n\r\n      <div class=\"seminar-block\">\r\n        Vill du vara med n\u00e4r vi upplever de nordiska gudarna kring Vidar i Kristus-Mikael-str\u00f6mmen och tillsammans \u00f6ppnar framtidens portar?\r\n      <\/div>\r\n\r\n      <!-- \u0420\u0410\u0421\u041a\u0420\u042b\u0412\u0410\u0415\u041c\u0410\u042f \u0427\u0410\u0421\u0422\u042c -->\r\n      <details class=\"webinar-details\">\r\n        <summary>\ud83c\udf3f L\u00e4s mer<\/summary>\r\n\r\n        <div class=\"seminar-block\">\r\n          Vill du g\u00e5 \u00f6ver regnb\u00e5gsbron sj\u00e4lv?<br><br>\r\n\r\n          Vill du vara med och forma n\u00e4r andliga impulser fr\u00e5n framtiden p\u00e5verkar den fysiska verkligheten och bygger broar mellan nordisk spiritualitet och sociala projekt?\r\n        <\/div>\r\n\r\n        <div class=\"seminar-block\">\r\n          Vill du sj\u00e4lv vara en bro f\u00f6r framtidens uppgifter\n          f\u00f6r norra, \u00f6stra och mellersta Sverige\n          f\u00f6r ett nytt perspektiv f\u00f6r m\u00e4nskligheten?\r\n        <\/div>\r\n\r\n        <div class=\"seminar-block\">\r\n          Den 10-16 augusti 2026 vill vi\r\n          <strong>Nordiska Antroposofiska Sommartr\u00e4ffar<\/strong>\r\n          \u00e5terupplivas i J\u00e4rna \u2013 med fr\u00e4scha ungdomskrafter.\r\n        <\/div>\r\n\r\n        <div class=\"seminar-block\">\r\n          Detta f\u00f6rberedelsem\u00f6te \u00e4ger rum fr\u00e5n\r\n          <strong>24.\u201326. april 2026<\/strong> ist\u00e4llet.\r\n        <\/div>\r\n\r\n        <div class=\"seminar-block\">\r\n          <strong>Online-deltagande<\/strong><br>\r\n          25 april, 15:00\u201316:30 m\u00f6jligt\r\n        <\/div>\r\n\r\n        <div class=\"seminar-block\">\r\n          <strong>Boenden<\/strong><br>\r\n          Vidar Klinik \u2013 \r\n          <a href=\"mailto:elisabeth@steneken.se\">elisabeth@steneken.se<\/a><br>\r\n          <a href=\"https:\/\/www.ytterjarnahotell.se\/kontakt\/\">\r\n            Ytterj\u00e4rna Hotell\r\n          <\/a><br>\r\n          <a href=\"http:\/\/www.haknas.vandrarhem.dinstudio.se\/\">\r\n            H\u00e5kn\u00e4s Vandrarhem\r\n          <\/a>\r\n        <\/div>\r\n\r\n        <div class=\"seminar-block\">\r\n          <strong>Mat och dryck<\/strong><br>\r\n          35 \u20ac per person (2x middag, 1x lunch, 2x frukost)<br>\r\n          \u2013 vi lagar mat tillsammans\r\n        <\/div>\r\n\r\n        <div class=\"seminar-block\">\r\n          <strong>Spr\u00e5k:<\/strong><br>\r\n          Huvudsakligt spr\u00e5k: Svenska<br>\r\n          \u00d6vers\u00e4ttning: Tyska, engelska, ryska m\u00f6jligt\r\n        <\/div>\r\n\r\n        <div class=\"seminar-block\">\r\n          Hj\u00e4rtligt v\u00e4lkommen!\r\n        <\/div>\r\n\r\n        <div class=\"seminar-block\">\r\n          F\u00f6r beredningsgruppen:<br><br>\r\n          Johannes Kling<br>\r\n          Veit Sigurd Kattwinkel<br>\r\n          Tony Peleman\r\n        <\/div>\r\n\r\n      <\/details>\r\n\r\n    <\/div>\r\n  <\/div>\r\n<\/div>\t\t\t\t<\/div>\n\t\t\t\t\t<\/div>\n\t\t\t\t<\/div>\n\t\t<div class=\"elementor-element elementor-element-044f7a7 e-flex e-con-boxed e-con e-parent\" data-id=\"044f7a7\" data-element_type=\"container\" data-e-type=\"container\">\n\t\t\t\t\t<div class=\"e-con-inner\">\n\t\t\t\t<div class=\"elementor-element elementor-element-4eac34d elementor-widget elementor-widget-html\" data-id=\"4eac34d\" data-element_type=\"widget\" data-e-type=\"widget\" data-widget_type=\"html.default\">\n\t\t\t\t\t<style>\r\n  .social-cards-container {\r\n    display: flex;\r\n    gap: 20px;\r\n    justify-content: center;\r\n    flex-wrap: wrap;\r\n    margin: 30px auto;\r\n    max-width: 900px;\r\n  }\r\n\r\n  .social-card {\r\n    background: #1d1d1f;\r\n    color: #e5e5e7;\r\n    width: 380px;\r\n    padding: 25px;\r\n    border-radius: 14px;\r\n    text-align: center;\r\n    border: 1px solid #333;\r\n    box-shadow: 0 6px 18px rgba(0,0,0,0.4);\r\n    transition: transform 0.25s ease, box-shadow 0.25s ease;\r\n  }\r\n\r\n  .social-card:hover {\r\n    transform: translateY(-6px);\r\n    box-shadow: 0 12px 28px rgba(0,0,0,0.6);\r\n  }\r\n\r\n  .social-card img {\r\n    width: 70px;\r\n    height: 70px;\r\n    border-radius: 50%;\r\n    object-fit: cover;\r\n    margin-bottom: 15px;\r\n    filter: brightness(0.9);\r\n  }\r\n\r\n  .social-card h3 {\r\n    margin: 5px 0 10px;\r\n    font-size: 22px;\r\n    color: #fff;\r\n  }\r\n\r\n  .social-card p {\r\n    color: #cfcfcf;\r\n    margin-bottom: 20px;\r\n    font-size: 15px;\r\n    line-height: 1.4;\r\n  }\r\n\r\n  .social-card a {\r\n    display: inline-block;\r\n    padding: 12px 28px;\r\n    border-radius: 10px;\r\n    text-decoration: none;\r\n    font-weight: 600;\r\n    font-size: 16px;\r\n  }\r\n\r\n  .yt-btn {\r\n    background-color: #ff0000;\r\n    color: #fff;\r\n  }\r\n\r\n  .tg-btn {\r\n    background-color: #0088cc;\r\n    color: #fff;\r\n  }\r\n\r\n  .social-card a:hover {\r\n    filter: brightness(1.15);\r\n  }\r\n<\/style>\r\n\r\n<div class=\"social-cards-container\">\r\n\r\n  <!-- YouTube Card -->\r\n  <div class=\"social-card\">\r\n    <img decoding=\"async\" src=\"https:\/\/upload.wikimedia.org\/wikipedia\/commons\/b\/b8\/YouTube_Logo_2017.svg\" alt=\"YouTube Avatar\">\r\n    <h3>Michaeliten \u2014 YouTube<\/h3>\r\n    <p>Missa inga nya videor, f\u00f6rel\u00e4sningar och inspirationer direkt p\u00e5 YouTube.<\/p>\r\n    <a href=\"https:\/\/www.youtube.com\/@michaeliten-org?sub_confirmation=1\" \r\n       target=\"_blank\" rel=\"noopener\" class=\"yt-btn\">\r\n       \ud83d\udcfa Prenumerera p\u00e5 kanalen\r\n    <\/a>\r\n  <\/div>\r\n\r\n  <!-- Telegram Card -->\r\n  <div class=\"social-card\">\r\n    <img decoding=\"async\" src=\"https:\/\/upload.wikimedia.org\/wikipedia\/commons\/8\/82\/Telegram_logo.svg\" alt=\"Telegram\">\r\n    <h3>Michaeliten \u2014 Telegram<\/h3>\r\n    <p>F\u00e5 uppdateringar, insikter och viktiga nyheter direkt i Telegram-kanalen.<\/p>\r\n    <a href=\"https:\/\/t.me\/michaeliten\" \r\n       target=\"_blank\" rel=\"noopener\" class=\"tg-btn\">\r\n       \ud83d\ude80 G\u00e5 med i kanalen\r\n    <\/a>\r\n  <\/div>\r\n\r\n<\/div>\r\n\t\t\t\t<\/div>\n\t\t\t\t\t<\/div>\n\t\t\t\t<\/div>\n\t\t<div class=\"elementor-element elementor-element-c9a3e32 e-flex e-con-boxed e-con e-parent\" data-id=\"c9a3e32\" data-element_type=\"container\" data-e-type=\"container\">\n\t\t\t\t\t<div class=\"e-con-inner\">\n\t\t\t\t<div class=\"elementor-element elementor-element-3badeb1 elementor-widget elementor-widget-heading\" data-id=\"3badeb1\" data-element_type=\"widget\" data-e-type=\"widget\" data-widget_type=\"heading.default\">\n\t\t\t\t\t<h4 class=\"elementor-heading-title elementor-size-default\">Det senaste klippet p\u00e5 v\u00e5r kanal \u2013 h\u00e4r:<\/h4>\t\t\t\t<\/div>\n\t\t<div class=\"elementor-element elementor-element-da91429 e-con-full e-flex e-con e-child\" data-id=\"da91429\" data-element_type=\"container\" data-e-type=\"container\">\n\t\t\t\t<div class=\"elementor-element elementor-element-0eb7124 elementor-widget elementor-widget-video\" data-id=\"0eb7124\" data-element_type=\"widget\" data-e-type=\"widget\" data-settings=\"{&quot;youtube_url&quot;:&quot;https:\\\/\\\/www.youtube.com\\\/live\\\/YgjSFObthKw?si=TsDEuNMQIWp2LOCo&quot;,&quot;video_type&quot;:&quot;youtube&quot;,&quot;controls&quot;:&quot;yes&quot;}\" data-widget_type=\"video.default\">\n\t\t\t\t\t\t\t<div class=\"elementor-wrapper elementor-open-inline\">\n\t\t\t<div class=\"elementor-video\"><\/div>\t\t<\/div>\n\t\t\t\t\t\t<\/div>\n\t\t\t\t<\/div>\n\t\t\t\t\t<\/div>\n\t\t\t\t<\/div>\n\t\t<div class=\"elementor-element elementor-element-6358e71 e-flex e-con-boxed e-con e-parent\" data-id=\"6358e71\" data-element_type=\"container\" data-e-type=\"container\">\n\t\t\t\t\t<div class=\"e-con-inner\">\n\t\t<div class=\"elementor-element elementor-element-d0d609b e-con-full e-flex e-con e-child\" data-id=\"d0d609b\" data-element_type=\"container\" data-e-type=\"container\">\n\t\t\t\t<div class=\"elementor-element elementor-element-ad7fc40 elementor-widget elementor-widget-video\" data-id=\"ad7fc40\" data-element_type=\"widget\" data-e-type=\"widget\" data-settings=\"{&quot;youtube_url&quot;:&quot;https:\\\/\\\/www.youtube.com\\\/watch?v=E3-UWzBJecU&quot;,&quot;video_type&quot;:&quot;youtube&quot;,&quot;controls&quot;:&quot;yes&quot;}\" data-widget_type=\"video.default\">\n\t\t\t\t\t\t\t<div class=\"elementor-wrapper elementor-open-inline\">\n\t\t\t<div class=\"elementor-video\"><\/div>\t\t<\/div>\n\t\t\t\t\t\t<\/div>\n\t\t\t\t<\/div>\n\t\t<div class=\"elementor-element elementor-element-5b8c6dd e-con-full e-flex e-con e-child\" data-id=\"5b8c6dd\" data-element_type=\"container\" data-e-type=\"container\">\n\t\t\t\t<div class=\"elementor-element elementor-element-68edec4 elementor-widget elementor-widget-video\" data-id=\"68edec4\" data-element_type=\"widget\" data-e-type=\"widget\" data-settings=\"{&quot;youtube_url&quot;:&quot;https:\\\/\\\/www.youtube.com\\\/watch?v=HV-rJKzrz7M&quot;,&quot;video_type&quot;:&quot;youtube&quot;,&quot;controls&quot;:&quot;yes&quot;}\" data-widget_type=\"video.default\">\n\t\t\t\t\t\t\t<div class=\"elementor-wrapper elementor-open-inline\">\n\t\t\t<div class=\"elementor-video\"><\/div>\t\t<\/div>\n\t\t\t\t\t\t<\/div>\n\t\t\t\t<\/div>\n\t\t<div class=\"elementor-element elementor-element-c244229 e-con-full e-flex e-con e-child\" data-id=\"c244229\" data-element_type=\"container\" data-e-type=\"container\">\n\t\t\t\t<div class=\"elementor-element elementor-element-666f4ef elementor-widget elementor-widget-video\" data-id=\"666f4ef\" data-element_type=\"widget\" data-e-type=\"widget\" data-settings=\"{&quot;youtube_url&quot;:&quot;https:\\\/\\\/www.youtube.com\\\/watch?v=vNsfaDfBt-0&amp;t=5s&quot;,&quot;video_type&quot;:&quot;youtube&quot;,&quot;controls&quot;:&quot;yes&quot;}\" data-widget_type=\"video.default\">\n\t\t\t\t\t\t\t<div class=\"elementor-wrapper elementor-open-inline\">\n\t\t\t<div class=\"elementor-video\"><\/div>\t\t<\/div>\n\t\t\t\t\t\t<\/div>\n\t\t\t\t<\/div>\n\t\t<div class=\"elementor-element elementor-element-4dad3ba e-con-full e-flex e-con e-child\" data-id=\"4dad3ba\" data-element_type=\"container\" data-e-type=\"container\">\n\t\t\t\t<div class=\"elementor-element elementor-element-a224808 elementor-widget elementor-widget-video\" data-id=\"a224808\" data-element_type=\"widget\" data-e-type=\"widget\" data-settings=\"{&quot;youtube_url&quot;:&quot;https:\\\/\\\/www.youtube.com\\\/watch?v=IBCbCer5Kys&amp;t=5s&amp;pp=0gcJCZQKAYcqIYzv&quot;,&quot;video_type&quot;:&quot;youtube&quot;,&quot;controls&quot;:&quot;yes&quot;}\" data-widget_type=\"video.default\">\n\t\t\t\t\t\t\t<div class=\"elementor-wrapper elementor-open-inline\">\n\t\t\t<div class=\"elementor-video\"><\/div>\t\t<\/div>\n\t\t\t\t\t\t<\/div>\n\t\t\t\t<\/div>\n\t\t<div class=\"elementor-element elementor-element-44dff59 e-con-full e-flex e-con e-child\" data-id=\"44dff59\" data-element_type=\"container\" data-e-type=\"container\">\n\t\t\t\t<div class=\"elementor-element elementor-element-73ae57e elementor-widget elementor-widget-video\" data-id=\"73ae57e\" data-element_type=\"widget\" data-e-type=\"widget\" data-settings=\"{&quot;youtube_url&quot;:&quot;https:\\\/\\\/www.youtube.com\\\/watch?v=B6uMzaifIJE&amp;t=99s&quot;,&quot;video_type&quot;:&quot;youtube&quot;,&quot;controls&quot;:&quot;yes&quot;}\" data-widget_type=\"video.default\">\n\t\t\t\t\t\t\t<div class=\"elementor-wrapper elementor-open-inline\">\n\t\t\t<div class=\"elementor-video\"><\/div>\t\t<\/div>\n\t\t\t\t\t\t<\/div>\n\t\t\t\t<\/div>\n\t\t<div class=\"elementor-element elementor-element-885d115 e-con-full e-flex e-con e-child\" data-id=\"885d115\" data-element_type=\"container\" data-e-type=\"container\">\n\t\t\t\t<div class=\"elementor-element elementor-element-1e71728 elementor-widget elementor-widget-video\" data-id=\"1e71728\" data-element_type=\"widget\" data-e-type=\"widget\" data-settings=\"{&quot;youtube_url&quot;:&quot;https:\\\/\\\/www.youtube.com\\\/watch?v=ZWlQwz8_WHg&amp;t=1315s&quot;,&quot;video_type&quot;:&quot;youtube&quot;,&quot;controls&quot;:&quot;yes&quot;}\" data-widget_type=\"video.default\">\n\t\t\t\t\t\t\t<div class=\"elementor-wrapper elementor-open-inline\">\n\t\t\t<div class=\"elementor-video\"><\/div>\t\t<\/div>\n\t\t\t\t\t\t<\/div>\n\t\t\t\t<\/div>\n\t\t<div class=\"elementor-element elementor-element-db3f69b e-con-full e-flex e-con e-child\" data-id=\"db3f69b\" data-element_type=\"container\" data-e-type=\"container\">\n\t\t<div class=\"elementor-element elementor-element-004ca84 e-con-full e-flex e-con e-child\" data-id=\"004ca84\" data-element_type=\"container\" data-e-type=\"container\">\n\t\t\t\t<div class=\"elementor-element elementor-element-f686145 elementor-widget elementor-widget-video\" data-id=\"f686145\" data-element_type=\"widget\" data-e-type=\"widget\" data-settings=\"{&quot;youtube_url&quot;:&quot;https:\\\/\\\/www.youtube.com\\\/watch?v=HRCNJ7IB6yo&amp;t=3s&quot;,&quot;video_type&quot;:&quot;youtube&quot;,&quot;controls&quot;:&quot;yes&quot;}\" data-widget_type=\"video.default\">\n\t\t\t\t\t\t\t<div class=\"elementor-wrapper elementor-open-inline\">\n\t\t\t<div class=\"elementor-video\"><\/div>\t\t<\/div>\n\t\t\t\t\t\t<\/div>\n\t\t\t\t<\/div>\n\t\t<div class=\"elementor-element elementor-element-304a938 e-con-full e-flex e-con e-child\" data-id=\"304a938\" data-element_type=\"container\" data-e-type=\"container\">\n\t\t\t\t<div class=\"elementor-element elementor-element-5a31f53 elementor-widget elementor-widget-video\" data-id=\"5a31f53\" data-element_type=\"widget\" data-e-type=\"widget\" data-settings=\"{&quot;youtube_url&quot;:&quot;https:\\\/\\\/www.youtube.com\\\/watch?v=9wrCb_wC5hs&amp;t=7s&quot;,&quot;video_type&quot;:&quot;youtube&quot;,&quot;controls&quot;:&quot;yes&quot;}\" data-widget_type=\"video.default\">\n\t\t\t\t\t\t\t<div class=\"elementor-wrapper elementor-open-inline\">\n\t\t\t<div class=\"elementor-video\"><\/div>\t\t<\/div>\n\t\t\t\t\t\t<\/div>\n\t\t\t\t<\/div>\n\t\t<div class=\"elementor-element elementor-element-a9744f8 e-con-full e-flex e-con e-child\" data-id=\"a9744f8\" data-element_type=\"container\" data-e-type=\"container\">\n\t\t\t\t<div class=\"elementor-element elementor-element-b5c20a8 elementor-widget elementor-widget-video\" data-id=\"b5c20a8\" data-element_type=\"widget\" data-e-type=\"widget\" data-settings=\"{&quot;youtube_url&quot;:&quot;https:\\\/\\\/www.youtube.com\\\/watch?v=QnSg69nZ7H0&amp;t=93s&quot;,&quot;video_type&quot;:&quot;youtube&quot;,&quot;controls&quot;:&quot;yes&quot;}\" data-widget_type=\"video.default\">\n\t\t\t\t\t\t\t<div class=\"elementor-wrapper elementor-open-inline\">\n\t\t\t<div class=\"elementor-video\"><\/div>\t\t<\/div>\n\t\t\t\t\t\t<\/div>\n\t\t\t\t<\/div>\n\t\t<div class=\"elementor-element elementor-element-739d00d e-con-full e-flex e-con e-child\" data-id=\"739d00d\" data-element_type=\"container\" data-e-type=\"container\">\n\t\t\t\t<div class=\"elementor-element elementor-element-7643536 elementor-widget elementor-widget-video\" data-id=\"7643536\" data-element_type=\"widget\" data-e-type=\"widget\" data-settings=\"{&quot;youtube_url&quot;:&quot;https:\\\/\\\/www.youtube.com\\\/watch?v=uR2bjvIud7E&amp;t=64s&quot;,&quot;video_type&quot;:&quot;youtube&quot;,&quot;controls&quot;:&quot;yes&quot;}\" data-widget_type=\"video.default\">\n\t\t\t\t\t\t\t<div class=\"elementor-wrapper elementor-open-inline\">\n\t\t\t<div class=\"elementor-video\"><\/div>\t\t<\/div>\n\t\t\t\t\t\t<\/div>\n\t\t\t\t<\/div>\n\t\t<div class=\"elementor-element elementor-element-def4d9b e-con-full e-flex e-con e-child\" data-id=\"def4d9b\" data-element_type=\"container\" data-e-type=\"container\">\n\t\t\t\t<div class=\"elementor-element elementor-element-547459f elementor-widget elementor-widget-video\" data-id=\"547459f\" data-element_type=\"widget\" data-e-type=\"widget\" data-settings=\"{&quot;youtube_url&quot;:&quot;https:\\\/\\\/www.youtube.com\\\/watch?v=LuvZ-eqsLKc&amp;t=34s&quot;,&quot;video_type&quot;:&quot;youtube&quot;,&quot;controls&quot;:&quot;yes&quot;}\" data-widget_type=\"video.default\">\n\t\t\t\t\t\t\t<div class=\"elementor-wrapper elementor-open-inline\">\n\t\t\t<div class=\"elementor-video\"><\/div>\t\t<\/div>\n\t\t\t\t\t\t<\/div>\n\t\t\t\t<\/div>\n\t\t<div class=\"elementor-element elementor-element-1163073 e-con-full e-flex e-con e-child\" data-id=\"1163073\" data-element_type=\"container\" data-e-type=\"container\">\n\t\t\t\t<div class=\"elementor-element elementor-element-951c49a elementor-widget elementor-widget-video\" data-id=\"951c49a\" data-element_type=\"widget\" data-e-type=\"widget\" data-settings=\"{&quot;youtube_url&quot;:&quot;https:\\\/\\\/www.youtube.com\\\/watch?v=GHZb6j_QN70&amp;t=7s&quot;,&quot;video_type&quot;:&quot;youtube&quot;,&quot;controls&quot;:&quot;yes&quot;}\" data-widget_type=\"video.default\">\n\t\t\t\t\t\t\t<div class=\"elementor-wrapper elementor-open-inline\">\n\t\t\t<div class=\"elementor-video\"><\/div>\t\t<\/div>\n\t\t\t\t\t\t<\/div>\n\t\t\t\t<\/div>\n\t\t\t\t<\/div>\n\t\t\t\t\t<\/div>\n\t\t\t\t<\/div>\n\t\t\t\t<\/div>","protected":false},"excerpt":{"rendered":"<p>Zeitlich parallel zur Gr\u00fcndung der Neuen Mysterien durch Rudolf Steiner und ihrer heutigen Entwicklung kulminiert die Wirksamkeit\u00a0Ahrimans\u00a0und anderer Widersacher auf [&hellip;]<\/p>\n","protected":false},"author":2,"featured_media":0,"parent":0,"menu_order":0,"comment_status":"open","ping_status":"closed","template":"elementor_header_footer","meta":{"_acf_changed":false,"site-sidebar-layout":"default","site-content-layout":"","ast-site-content-layout":"full-width-container","site-content-style":"unboxed","site-sidebar-style":"unboxed","ast-global-header-display":"","ast-banner-title-visibility":"","ast-main-header-display":"","ast-hfb-above-header-display":"","ast-hfb-below-header-display":"","ast-hfb-mobile-header-display":"","site-post-title":"disabled","ast-breadcrumbs-content":"","ast-featured-img":"","footer-sml-layout":"","theme-transparent-header-meta":"","adv-header-id-meta":"","stick-header-meta":"","header-above-stick-meta":"","header-main-stick-meta":"","header-below-stick-meta":"","astra-migrate-meta-layouts":"default","ast-page-background-enabled":"default","ast-page-background-meta":{"desktop":{"background-color":"var(--ast-global-color-5)","background-image":"","background-repeat":"repeat","background-position":"center center","background-size":"auto","background-attachment":"scroll","background-type":"","background-media":"","overlay-type":"","overlay-color":"","overlay-opacity":"","overlay-gradient":""},"tablet":{"background-color":"","background-image":"","background-repeat":"repeat","background-position":"center center","background-size":"auto","background-attachment":"scroll","background-type":"","background-media":"","overlay-type":"","overlay-color":"","overlay-opacity":"","overlay-gradient":""},"mobile":{"background-color":"","background-image":"","background-repeat":"repeat","background-position":"center center","background-size":"auto","background-attachment":"scroll","background-type":"","background-media":"","overlay-type":"","overlay-color":"","overlay-opacity":"","overlay-gradient":""}},"ast-content-background-meta":{"desktop":{"background-color":"var(--ast-global-color-4)","background-image":"","background-repeat":"repeat","background-position":"center center","background-size":"auto","background-attachment":"scroll","background-type":"","background-media":"","overlay-type":"","overlay-color":"","overlay-opacity":"","overlay-gradient":""},"tablet":{"background-color":"var(--ast-global-color-4)","background-image":"","background-repeat":"repeat","background-position":"center center","background-size":"auto","background-attachment":"scroll","background-type":"","background-media":"","overlay-type":"","overlay-color":"","overlay-opacity":"","overlay-gradient":""},"mobile":{"background-color":"var(--ast-global-color-4)","background-image":"","background-repeat":"repeat","background-position":"center center","background-size":"auto","background-attachment":"scroll","background-type":"","background-media":"","overlay-type":"","overlay-color":"","overlay-opacity":"","overlay-gradient":""}},"footnotes":""},"class_list":["post-10","page","type-page","status-publish","hentry"],"acf":[],"_links":{"self":[{"href":"https:\/\/michaeliten.org\/se\/wp-json\/wp\/v2\/pages\/10","targetHints":{"allow":["GET"]}}],"collection":[{"href":"https:\/\/michaeliten.org\/se\/wp-json\/wp\/v2\/pages"}],"about":[{"href":"https:\/\/michaeliten.org\/se\/wp-json\/wp\/v2\/types\/page"}],"author":[{"embeddable":true,"href":"https:\/\/michaeliten.org\/se\/wp-json\/wp\/v2\/users\/2"}],"replies":[{"embeddable":true,"href":"https:\/\/michaeliten.org\/se\/wp-json\/wp\/v2\/comments?post=10"}],"version-history":[{"count":247,"href":"https:\/\/michaeliten.org\/se\/wp-json\/wp\/v2\/pages\/10\/revisions"}],"predecessor-version":[{"id":1081,"href":"https:\/\/michaeliten.org\/se\/wp-json\/wp\/v2\/pages\/10\/revisions\/1081"}],"wp:attachment":[{"href":"https:\/\/michaeliten.org\/se\/wp-json\/wp\/v2\/media?parent=10"}],"curies":[{"name":"wp","href":"https:\/\/api.w.org\/{rel}","templated":true}]}}