{"id":579,"date":"2025-12-24T23:16:38","date_gmt":"2025-12-24T21:16:38","guid":{"rendered":"https:\/\/michaeliten.org\/?page_id=579"},"modified":"2026-01-21T11:22:16","modified_gmt":"2026-01-21T10:22:16","slug":"bro-mellan-centraleuropa-och-oesteuropa","status":"publish","type":"page","link":"https:\/\/michaeliten.org\/se\/brucke-zwischen-mitteleuropa-und-osteuropa\/","title":{"rendered":"Bro mellan Centraleuropa och \u00d6steuropa"},"content":{"rendered":"<div data-elementor-type=\"wp-page\" data-elementor-id=\"579\" class=\"elementor elementor-579\" data-elementor-post-type=\"page\">\n\t\t\t\t<div class=\"elementor-element elementor-element-5681d34 e-flex e-con-boxed e-con e-parent\" data-id=\"5681d34\" data-element_type=\"container\" data-e-type=\"container\">\n\t\t\t\t\t<div class=\"e-con-inner\">\n\t\t\t\t<div class=\"elementor-element elementor-element-63fefa6 elementor-widget elementor-widget-text-editor\" data-id=\"63fefa6\" data-element_type=\"widget\" data-e-type=\"widget\" data-widget_type=\"text-editor.default\">\n\t\t\t\t\t\t\t\t\t<p><em><img decoding=\"async\" class=\"wp-image-591 alignleft\" src=\"https:\/\/michaeliten.org\/wp-content\/uploads\/2025\/12\/photo_2025-12-25_08-11-18.jpg\" alt=\"\" width=\"142\" height=\"185\" srcset=\"https:\/\/michaeliten.org\/wp-content\/uploads\/2025\/12\/photo_2025-12-25_08-11-18.jpg 978w, https:\/\/michaeliten.org\/wp-content\/uploads\/2025\/12\/photo_2025-12-25_08-11-18-229x300.jpg 229w, https:\/\/michaeliten.org\/wp-content\/uploads\/2025\/12\/photo_2025-12-25_08-11-18-782x1024.jpg 782w, https:\/\/michaeliten.org\/wp-content\/uploads\/2025\/12\/photo_2025-12-25_08-11-18-768x1005.jpg 768w, https:\/\/michaeliten.org\/wp-content\/uploads\/2025\/12\/photo_2025-12-25_08-11-18-18x24.jpg 18w, https:\/\/michaeliten.org\/wp-content\/uploads\/2025\/12\/photo_2025-12-25_08-11-18-28x36.jpg 28w, https:\/\/michaeliten.org\/wp-content\/uploads\/2025\/12\/photo_2025-12-25_08-11-18-37x48.jpg 37w\" sizes=\"(max-width: 142px) 100vw, 142px\" \/><\/em><\/p><p><em>Och dessa tre n\u00e4mnda egenskaper best\u00e4mmer d\u00e4rf\u00f6r det ryska v\u00e4sendet, ett visst band att ing\u00e5 med det centraleuropeiska, v\u00e4steuropeiska v\u00e4sendet. Eftersom det ryska folkets v\u00e4sen \u00e4r anpassningsbart, \u00e4r det f\u00f6rst och fr\u00e4mst kallat att f\u00f6rst och fr\u00e4mst uppn\u00e5 det som vi ofta har talat om, det som det har att utf\u00f6ra under den sj\u00e4tte efteratlantiska kulturperioden, inte genom skapande verksamhet, utan genom sin erfarenhet, genom att ta emot det som kommer fr\u00e5n v\u00e4st. En form av andlig f\u00f6rening har jag ofta kallat det, \u00e5r, ja jag kan s\u00e4ga, \u00e5rtionden innan detta krig br\u00f6t ut, en form av f\u00f6rening som \u00e4r n\u00f6dv\u00e4ndig mellan det centraleuropeiska v\u00e4sendet och det ryska v\u00e4sendet med avseende p\u00e5 den sj\u00e4lsliga utvecklingen.<\/em><\/p><p><em>Genom att det ryska folket har en viss motvilja mot intellektualism, kommer vissa sociala inr\u00e4ttningar att kunna skapas med det ryska folket, vilka endast kommer att vara m\u00f6jliga om den nyss antydda f\u00f6reningen verkligen \u00e4ger rum.<\/em><\/p><p><em>Och p\u00e5 ett liknande s\u00e4tt kommer det ryska folkets natur att agera gentemot det som \u00f6verhuvudtaget kan ges inom Centraleuropa. Imorgon kommer vi i det offentliga f\u00f6redraget att \u00e5ter tala om s\u00e5dana saker som f\u00f6ljer av det centraleuropeiska v\u00e4sendet, och som m\u00e5ste inf\u00f6rlivas som n\u00e5got stort, m\u00e4ktigt och of\u00f6rg\u00e4ngligt i hela m\u00e4nsklighetens utveckling. Men det ryska folket kommer att beh\u00f6va ta till sig det som utf\u00f6rs av det centraleuropeiska v\u00e4sendet. Det \u00e4r inte sj\u00e4lvskapande i f\u00f6rsta hand under denna efteratlantiska tid.<\/em><\/p><p style=\"text-align: right;\"><em>Rudolf Steiner, GA 174b<\/em><\/p>\t\t\t\t\t\t\t\t<\/div>\n\t\t\t\t<div class=\"elementor-element elementor-element-fc7828f elementor-widget elementor-widget-text-editor\" data-id=\"fc7828f\" data-element_type=\"widget\" data-e-type=\"widget\" data-widget_type=\"text-editor.default\">\n\t\t\t\t\t\t\t\t\t<p><strong>K\u00e4ra Michaeliter!<\/strong><\/p><p>Fr\u00e5n mysteriemottagningen i Nordeuropa i J\u00e4rna har en <strong>heliga mantran<\/strong>a f\u00f6rmedlar, genom vilken den mystiska grunden f\u00f6r den sj\u00e4tte kulturperioden kommer att ta sin b\u00f6rjan. Denna kommer att f\u00f6rberedas under ytterligare 1500 \u00e5r av den nuvarande femte kulturperioden.<\/p><p>V\u00e4sendet i dessa mantran ligger i en kallelse som n\u00e5r fr\u00e5n Centraleuropa till \u00d6steuropa. Deras aktualitet och angel\u00e4genhet ligger i att de kosmiska rytmerna och den yttre v\u00e4rldssituationen fr\u00e5n Michaeliterna kr\u00e4ver en medveten uppvaknande av de slaviska l\u00e4nderna ur deras tusen\u00e5riga s\u00f6mn och d\u00e4rmed b\u00f6rjan p\u00e5 att \u00e5teruppr\u00e4tta deras koppling till den slaviska \u00e4rke\u00e4ngeln.<\/p><p><a href=\"https:\/\/www.youtube.com\/@Michaeliten-org\">https:\/\/www.youtube.com\/@Michaeliten-org<\/a><\/p>\t\t\t\t\t\t\t\t<\/div>\n\t\t\t\t\t<\/div>\n\t\t\t\t<\/div>\n\t\t<div class=\"elementor-element elementor-element-d0dda36 e-flex e-con-boxed e-con e-parent\" data-id=\"d0dda36\" data-element_type=\"container\" data-e-type=\"container\">\n\t\t\t\t\t<div class=\"e-con-inner\">\n\t\t\t\t<div class=\"elementor-element elementor-element-05e7b15 elementor-widget elementor-widget-image\" data-id=\"05e7b15\" data-element_type=\"widget\" data-e-type=\"widget\" data-widget_type=\"image.default\">\n\t\t\t\t\t\t\t\t\t\t\t\t\t\t\t<img fetchpriority=\"high\" decoding=\"async\" width=\"1024\" height=\"770\" src=\"https:\/\/michaeliten.org\/wp-content\/uploads\/2026\/01\/Mantra-Werde-Licht22-1024x770.jpg\" class=\"attachment-large size-large wp-image-675\" alt=\"\" srcset=\"https:\/\/michaeliten.org\/wp-content\/uploads\/2026\/01\/Mantra-Werde-Licht22-1024x770.jpg 1024w, https:\/\/michaeliten.org\/wp-content\/uploads\/2026\/01\/Mantra-Werde-Licht22-300x225.jpg 300w, https:\/\/michaeliten.org\/wp-content\/uploads\/2026\/01\/Mantra-Werde-Licht22-768x577.jpg 768w, https:\/\/michaeliten.org\/wp-content\/uploads\/2026\/01\/Mantra-Werde-Licht22-1536x1154.jpg 1536w, https:\/\/michaeliten.org\/wp-content\/uploads\/2026\/01\/Mantra-Werde-Licht22-2048x1539.jpg 2048w, https:\/\/michaeliten.org\/wp-content\/uploads\/2026\/01\/Mantra-Werde-Licht22-24x18.jpg 24w, https:\/\/michaeliten.org\/wp-content\/uploads\/2026\/01\/Mantra-Werde-Licht22-36x27.jpg 36w, https:\/\/michaeliten.org\/wp-content\/uploads\/2026\/01\/Mantra-Werde-Licht22-48x36.jpg 48w\" sizes=\"(max-width: 1024px) 100vw, 1024px\" \/>\t\t\t\t\t\t\t\t\t\t\t\t\t\t\t<\/div>\n\t\t\t\t\t<\/div>\n\t\t\t\t<\/div>\n\t\t<div class=\"elementor-element elementor-element-e556770 e-flex e-con-boxed e-con e-parent\" data-id=\"e556770\" data-element_type=\"container\" data-e-type=\"container\">\n\t\t\t\t\t<div class=\"e-con-inner\">\n\t\t<div class=\"elementor-element elementor-element-262939a e-grid e-con-full e-con e-child\" data-id=\"262939a\" data-element_type=\"container\" data-e-type=\"container\">\n\t\t\t\t<div class=\"elementor-element elementor-element-90519d6 elementor-widget elementor-widget-heading\" data-id=\"90519d6\" data-element_type=\"widget\" data-e-type=\"widget\" data-widget_type=\"heading.default\">\n\t\t\t\t\t<h6 class=\"elementor-heading-title elementor-size-default\">Bli ljus, <br>\nHeliga ryska jord., <br>\nVi vill ha bete<br>\nAv hopp,<br>\nVarsamt stegandes mot dig,<br>\nO heliga ryska jord!<br>\nBli...<br><\/h6>\t\t\t\t<\/div>\n\t\t\t\t<div class=\"elementor-element elementor-element-637bf67 elementor-widget elementor-widget-heading\" data-id=\"637bf67\" data-element_type=\"widget\" data-e-type=\"widget\" data-widget_type=\"heading.default\">\n\t\t\t\t\t<h6 class=\"elementor-heading-title elementor-size-default\">Bli ljuset,<br>\nHeliga Ryska Jord,<br>\nVi vill be<br>\nFr\u00e5n hoppet,<br>\nMjukt stiger jag p\u00e5 dig,<br>\n\u00c5h, heliga ryska land!<br>\nBli...<br><\/h6>\t\t\t\t<\/div>\n\t\t\t\t<div class=\"elementor-element elementor-element-61c898a elementor-widget elementor-widget-heading\" data-id=\"61c898a\" data-element_type=\"widget\" data-e-type=\"widget\" data-widget_type=\"heading.default\">\n\t\t\t\t\t<h6 class=\"elementor-heading-title elementor-size-default\">\nBli ljuset,<br>\nHeliga ryska jorden,<br>\nVi vill be<br>\nFr\u00e5n Nadezhda,<br>\nMjuka steg mot dig,<br>\n\u00c5h, heliga ryska jord!<br>\nBli...<br><\/h6>\t\t\t\t<\/div>\n\t\t\t\t<\/div>\n\t\t\t\t\t<\/div>\n\t\t\t\t<\/div>\n\t\t\t\t<\/div>","protected":false},"excerpt":{"rendered":"<p>Und diese genannten drei Eigenschaften bestimmen daher das russische Wesen, eine gewisse Verbindung einzugehen mit dem mitteleurop\u00e4ischen, westeurop\u00e4ischen Wesen. Weil [&hellip;]<\/p>\n","protected":false},"author":2,"featured_media":0,"parent":0,"menu_order":0,"comment_status":"closed","ping_status":"closed","template":"","meta":{"_acf_changed":false,"site-sidebar-layout":"no-sidebar","site-content-layout":"","ast-site-content-layout":"full-width-container","site-content-style":"default","site-sidebar-style":"default","ast-global-header-display":"","ast-banner-title-visibility":"","ast-main-header-display":"","ast-hfb-above-header-display":"","ast-hfb-below-header-display":"","ast-hfb-mobile-header-display":"","site-post-title":"","ast-breadcrumbs-content":"","ast-featured-img":"disabled","footer-sml-layout":"","theme-transparent-header-meta":"","adv-header-id-meta":"","stick-header-meta":"","header-above-stick-meta":"","header-main-stick-meta":"","header-below-stick-meta":"","astra-migrate-meta-layouts":"default","ast-page-background-enabled":"default","ast-page-background-meta":{"desktop":{"background-color":"var(--ast-global-color-5)","background-image":"","background-repeat":"repeat","background-position":"center center","background-size":"auto","background-attachment":"scroll","background-type":"","background-media":"","overlay-type":"","overlay-color":"","overlay-opacity":"","overlay-gradient":""},"tablet":{"background-color":"","background-image":"","background-repeat":"repeat","background-position":"center center","background-size":"auto","background-attachment":"scroll","background-type":"","background-media":"","overlay-type":"","overlay-color":"","overlay-opacity":"","overlay-gradient":""},"mobile":{"background-color":"","background-image":"","background-repeat":"repeat","background-position":"center center","background-size":"auto","background-attachment":"scroll","background-type":"","background-media":"","overlay-type":"","overlay-color":"","overlay-opacity":"","overlay-gradient":""}},"ast-content-background-meta":{"desktop":{"background-color":"var(--ast-global-color-4)","background-image":"","background-repeat":"repeat","background-position":"center center","background-size":"auto","background-attachment":"scroll","background-type":"","background-media":"","overlay-type":"","overlay-color":"","overlay-opacity":"","overlay-gradient":""},"tablet":{"background-color":"var(--ast-global-color-4)","background-image":"","background-repeat":"repeat","background-position":"center center","background-size":"auto","background-attachment":"scroll","background-type":"","background-media":"","overlay-type":"","overlay-color":"","overlay-opacity":"","overlay-gradient":""},"mobile":{"background-color":"var(--ast-global-color-4)","background-image":"","background-repeat":"repeat","background-position":"center center","background-size":"auto","background-attachment":"scroll","background-type":"","background-media":"","overlay-type":"","overlay-color":"","overlay-opacity":"","overlay-gradient":""}},"footnotes":""},"class_list":["post-579","page","type-page","status-publish","hentry"],"acf":[],"_links":{"self":[{"href":"https:\/\/michaeliten.org\/se\/wp-json\/wp\/v2\/pages\/579","targetHints":{"allow":["GET"]}}],"collection":[{"href":"https:\/\/michaeliten.org\/se\/wp-json\/wp\/v2\/pages"}],"about":[{"href":"https:\/\/michaeliten.org\/se\/wp-json\/wp\/v2\/types\/page"}],"author":[{"embeddable":true,"href":"https:\/\/michaeliten.org\/se\/wp-json\/wp\/v2\/users\/2"}],"replies":[{"embeddable":true,"href":"https:\/\/michaeliten.org\/se\/wp-json\/wp\/v2\/comments?post=579"}],"version-history":[{"count":43,"href":"https:\/\/michaeliten.org\/se\/wp-json\/wp\/v2\/pages\/579\/revisions"}],"predecessor-version":[{"id":689,"href":"https:\/\/michaeliten.org\/se\/wp-json\/wp\/v2\/pages\/579\/revisions\/689"}],"wp:attachment":[{"href":"https:\/\/michaeliten.org\/se\/wp-json\/wp\/v2\/media?parent=579"}],"curies":[{"name":"wp","href":"https:\/\/api.w.org\/{rel}","templated":true}]}}