{"id":655,"date":"2026-01-11T22:23:15","date_gmt":"2026-01-11T20:23:15","guid":{"rendered":"https:\/\/michaeliten.org\/?page_id=655"},"modified":"2026-01-11T22:25:07","modified_gmt":"2026-01-11T20:25:07","slug":"impressum","status":"publish","type":"page","link":"https:\/\/michaeliten.org\/se\/impressum\/","title":{"rendered":"Impressum"},"content":{"rendered":"<div data-elementor-type=\"wp-page\" data-elementor-id=\"655\" class=\"elementor elementor-655\" data-elementor-post-type=\"page\">\n\t\t\t\t<div class=\"elementor-element elementor-element-7c1180d e-flex e-con-boxed e-con e-parent\" data-id=\"7c1180d\" data-element_type=\"container\" data-e-type=\"container\">\n\t\t\t\t\t<div class=\"e-con-inner\">\n\t\t\t\t<div class=\"elementor-element elementor-element-c1df657 elementor-widget elementor-widget-text-editor\" data-id=\"c1df657\" data-element_type=\"widget\" data-e-type=\"widget\" data-widget_type=\"text-editor.default\">\n\t\t\t\t\t\t\t\t\t<h2 data-start=\"2160\" data-end=\"2172\">Impressum<\/h2><p data-start=\"2174\" data-end=\"2199\"><strong data-start=\"2174\" data-end=\"2199\">Angaben gem\u00e4\u00df \u00a7 5 TMG<\/strong><\/p><p data-start=\"2201\" data-end=\"2250\"><strong data-start=\"2201\" data-end=\"2250\">Verantwortlich f\u00fcr den Inhalt dieser Website:<\/strong><\/p><p data-start=\"2252\" data-end=\"2339\">Veit Sigurd Kattwinkel<br data-start=\"2274\" data-end=\"2277\" \/>Allerheiligen 3<br data-start=\"2292\" data-end=\"2295\" \/>77728 Oppenau<br data-start=\"2308\" data-end=\"2311\" \/>Bundesrepublik Deutschland<\/p><p data-start=\"2341\" data-end=\"2388\"><strong data-start=\"2341\" data-end=\"2353\">Kontakt<\/strong><br data-start=\"2353\" data-end=\"2356\" \/>E-Mail: v.kattwinkel@posteo.de<\/p><hr data-start=\"2390\" data-end=\"2393\" \/><h3 data-start=\"2395\" data-end=\"2415\">Art des Projekts<\/h3><p data-start=\"2417\" data-end=\"2572\"><strong data-start=\"2417\" data-end=\"2436\">Michaeliten.org<\/strong> ist ein nichtkommerzielles, geistig-kulturelles und spirituell-wissenschaftliches Projekt.<br data-start=\"2527\" data-end=\"2530\" \/>Es verfolgt keine Gewinnerzielungsabsicht.<\/p><hr data-start=\"2574\" data-end=\"2577\" \/><h3 data-start=\"2579\" data-end=\"2602\">Haftung f\u00fcr Inhalte<\/h3><p data-start=\"2604\" data-end=\"2838\">Als Diensteanbieter sind wir gem\u00e4\u00df \u00a7 7 Abs. 1 TMG f\u00fcr eigene Inhalte auf diesen Seiten nach den allgemeinen Gesetzen verantwortlich.<br data-start=\"2736\" data-end=\"2739\" \/>F\u00fcr die Richtigkeit, Vollst\u00e4ndigkeit und Aktualit\u00e4t der Inhalte \u00fcbernehmen wir jedoch keine Gew\u00e4hr.<\/p><hr data-start=\"2840\" data-end=\"2843\" \/><h3 data-start=\"2845\" data-end=\"2866\">Haftung f\u00fcr Links<\/h3><p data-start=\"2868\" data-end=\"3007\">Diese Website enth\u00e4lt Links zu externen Websites Dritter.<br data-start=\"2925\" data-end=\"2928\" \/>Auf deren Inhalte haben wir keinen Einfluss und \u00fcbernehmen daher keine Haftung.<\/p><hr data-start=\"3009\" data-end=\"3012\" \/><h3 data-start=\"3014\" data-end=\"3030\">Urheberrecht<\/h3><p data-start=\"3032\" data-end=\"3277\">Die durch den Seitenbetreiber erstellten Inhalte und Werke auf dieser Website unterliegen dem deutschen Urheberrecht.<br data-start=\"3149\" data-end=\"3152\" \/>Eine Vervielf\u00e4ltigung oder Verwendung au\u00dferhalb der Grenzen des Urheberrechts bedarf der schriftlichen Zustimmung des Autors.<\/p><hr data-start=\"3279\" data-end=\"3282\" \/><h3 data-start=\"3284\" data-end=\"3299\">Datenschutz<\/h3><p data-start=\"3301\" data-end=\"3380\">Informationen zum Datenschutz finden Sie in unserer<br data-start=\"3352\" data-end=\"3355\" \/><strong data-start=\"3355\" data-end=\"3379\">Integritetspolicy<\/strong>.<\/p><hr data-start=\"3382\" data-end=\"3385\" \/><h3 data-start=\"3387\" data-end=\"3409\">Hinweis zu Spenden<\/h3><p data-start=\"3411\" data-end=\"3536\">Spenden zur Unterst\u00fctzung des Projekts erfolgen freiwillig per Bank\u00fcberweisung.<br data-start=\"3490\" data-end=\"3493\" \/>Es besteht kein Anspruch auf Gegenleistung.<\/p><hr data-start=\"3538\" data-end=\"3541\" \/><p data-start=\"3543\" data-end=\"3565\"><strong data-start=\"3543\" data-end=\"3553\">Stand:<\/strong> Januar 2026<\/p>\t\t\t\t\t\t\t\t<\/div>\n\t\t\t\t\t<\/div>\n\t\t\t\t<\/div>\n\t\t\t\t<\/div>","protected":false},"excerpt":{"rendered":"<p>Impressum Angaben gem\u00e4\u00df \u00a7 5 TMG Verantwortlich f\u00fcr den Inhalt dieser Website: Veit Sigurd KattwinkelAllerheiligen 377728 OppenauBundesrepublik Deutschland Kontakt:E-Mail: v.kattwinkel@posteo.de [&hellip;]<\/p>\n","protected":false},"author":2,"featured_media":0,"parent":0,"menu_order":0,"comment_status":"closed","ping_status":"closed","template":"","meta":{"_acf_changed":false,"site-sidebar-layout":"no-sidebar","site-content-layout":"","ast-site-content-layout":"full-width-container","site-content-style":"default","site-sidebar-style":"default","ast-global-header-display":"","ast-banner-title-visibility":"","ast-main-header-display":"","ast-hfb-above-header-display":"","ast-hfb-below-header-display":"","ast-hfb-mobile-header-display":"","site-post-title":"","ast-breadcrumbs-content":"","ast-featured-img":"disabled","footer-sml-layout":"","theme-transparent-header-meta":"","adv-header-id-meta":"","stick-header-meta":"","header-above-stick-meta":"","header-main-stick-meta":"","header-below-stick-meta":"","astra-migrate-meta-layouts":"default","ast-page-background-enabled":"default","ast-page-background-meta":{"desktop":{"background-color":"var(--ast-global-color-5)","background-image":"","background-repeat":"repeat","background-position":"center center","background-size":"auto","background-attachment":"scroll","background-type":"","background-media":"","overlay-type":"","overlay-color":"","overlay-opacity":"","overlay-gradient":""},"tablet":{"background-color":"","background-image":"","background-repeat":"repeat","background-position":"center center","background-size":"auto","background-attachment":"scroll","background-type":"","background-media":"","overlay-type":"","overlay-color":"","overlay-opacity":"","overlay-gradient":""},"mobile":{"background-color":"","background-image":"","background-repeat":"repeat","background-position":"center center","background-size":"auto","background-attachment":"scroll","background-type":"","background-media":"","overlay-type":"","overlay-color":"","overlay-opacity":"","overlay-gradient":""}},"ast-content-background-meta":{"desktop":{"background-color":"var(--ast-global-color-4)","background-image":"","background-repeat":"repeat","background-position":"center center","background-size":"auto","background-attachment":"scroll","background-type":"","background-media":"","overlay-type":"","overlay-color":"","overlay-opacity":"","overlay-gradient":""},"tablet":{"background-color":"var(--ast-global-color-4)","background-image":"","background-repeat":"repeat","background-position":"center center","background-size":"auto","background-attachment":"scroll","background-type":"","background-media":"","overlay-type":"","overlay-color":"","overlay-opacity":"","overlay-gradient":""},"mobile":{"background-color":"var(--ast-global-color-4)","background-image":"","background-repeat":"repeat","background-position":"center center","background-size":"auto","background-attachment":"scroll","background-type":"","background-media":"","overlay-type":"","overlay-color":"","overlay-opacity":"","overlay-gradient":""}},"footnotes":""},"class_list":["post-655","page","type-page","status-publish","hentry"],"acf":[],"_links":{"self":[{"href":"https:\/\/michaeliten.org\/se\/wp-json\/wp\/v2\/pages\/655","targetHints":{"allow":["GET"]}}],"collection":[{"href":"https:\/\/michaeliten.org\/se\/wp-json\/wp\/v2\/pages"}],"about":[{"href":"https:\/\/michaeliten.org\/se\/wp-json\/wp\/v2\/types\/page"}],"author":[{"embeddable":true,"href":"https:\/\/michaeliten.org\/se\/wp-json\/wp\/v2\/users\/2"}],"replies":[{"embeddable":true,"href":"https:\/\/michaeliten.org\/se\/wp-json\/wp\/v2\/comments?post=655"}],"version-history":[{"count":4,"href":"https:\/\/michaeliten.org\/se\/wp-json\/wp\/v2\/pages\/655\/revisions"}],"predecessor-version":[{"id":659,"href":"https:\/\/michaeliten.org\/se\/wp-json\/wp\/v2\/pages\/655\/revisions\/659"}],"wp:attachment":[{"href":"https:\/\/michaeliten.org\/se\/wp-json\/wp\/v2\/media?parent=655"}],"curies":[{"name":"wp","href":"https:\/\/api.w.org\/{rel}","templated":true}]}}