{"id":198,"date":"2025-09-07T14:02:30","date_gmt":"2025-09-07T11:02:30","guid":{"rendered":"https:\/\/michaeliten.org\/?page_id=198"},"modified":"2026-03-17T07:03:17","modified_gmt":"2026-03-17T06:03:17","slug":"donation","status":"publish","type":"page","link":"https:\/\/michaeliten.org\/ua\/spenden\/","title":{"rendered":"\u041f\u0456\u0434\u0442\u0440\u0438\u043c\u0430\u0442\u0438"},"content":{"rendered":"\t\t<div data-elementor-type=\"wp-page\" data-elementor-id=\"198\" class=\"elementor elementor-198\" data-elementor-post-type=\"page\">\n\t\t\t\t<div class=\"elementor-element elementor-element-e8fcac1 e-flex e-con-boxed e-con e-parent\" data-id=\"e8fcac1\" data-element_type=\"container\" data-e-type=\"container\">\n\t\t\t\t\t<div class=\"e-con-inner\">\n\t\t\t\t<div class=\"elementor-element elementor-element-f808952 elementor-widget elementor-widget-text-editor\" data-id=\"f808952\" data-element_type=\"widget\" data-e-type=\"widget\" data-widget_type=\"text-editor.default\">\n\t\t\t\t\t\t\t\t\t<p>Seit kurzer Zeit gibt es eine neue EU-Regelung &#8211; daher einige WICHTIGE HINWEISE!<\/p><p>* Aufgrund der neuen EU-Regelung reicht es nicht aus, die korrekte IBAN und BIC\/SWIFT anzugeben.<\/p><p>* Wichtig ist daher, die komplette Bezeichnung des Empf\u00e4ngers und des Verwendungszweckes anzugeben (insbesondere\u00a0soll die Stiftungsnummer<b> 948<\/b> angegeben werden).<\/p><p>* Manchmal wird auch nach der Empf\u00e4ngeradresse gefragt, z.B. bei \u00dcberweisungen aus der Schweiz. Dann bitte\u00a0folgende Adresse angeben:<br \/>\u00a0 \u00a0GLS Treuhand e.V.<br \/>\u00a0 \u00a0Christstra\u00dfe 9<br \/>\u00a0 \u00a044789 Bochum<\/p>\t\t\t\t\t\t\t\t<\/div>\n\t\t\t\t\t<\/div>\n\t\t\t\t<\/div>\n\t\t<div class=\"elementor-element elementor-element-756a7d8 e-con-full e-flex e-con e-parent\" data-id=\"756a7d8\" data-element_type=\"container\" data-e-type=\"container\">\n\t\t\t\t<div class=\"elementor-element elementor-element-fd95abd elementor-widget elementor-widget-html\" data-id=\"fd95abd\" data-element_type=\"widget\" data-e-type=\"widget\" data-widget_type=\"html.default\">\n\t\t\t\t\t<!doctype html>\r\n<html lang=\"de\">\r\n<head>\r\n  <meta charset=\"utf-8\" \/>\r\n  <meta name=\"viewport\" content=\"width=device-width, initial-scale=1\" \/>\r\n  <title>Bank\u00fcberweisung \u2014 Michaeliten<\/title>\r\n  <style>\r\n    :root{\r\n      --bg:#f7f6f3;\r\n      --card:#ffffff;\r\n      --ink:#1f1f1f;\r\n      --muted:#6b6b6b;\r\n      --accent:#7a1f1f;\r\n      --accent-2:#b33b3b;\r\n      --radius:18px;\r\n    }\r\n    html,body{margin:0;padding:0;background:var(--bg);color:var(--ink);font-family:system-ui,-apple-system,Segoe UI,Roboto,Inter,Arial,sans-serif;line-height:1.6}\r\n    .wrap{max-width:960px;margin:auto;padding:28px}\r\n    .hero{background:linear-gradient(135deg, #b33b3b20, #7a1f1f20), var(--card);border-radius:var(--radius);padding:28px 28px 18px;box-shadow:0 10px 30px rgba(0,0,0,.06)}\r\n    .title{font-size:clamp(28px,4vw,40px);margin:0 0 6px 0;letter-spacing:.5px}\r\n    .subtitle{color:var(--muted);margin:0 0 18px 0}\r\n\r\n    .grid{display:grid;grid-template-columns:1fr;gap:18px;margin-top:18px}\r\n\r\n    .card{background:var(--card);border-radius:var(--radius);padding:18px 18px;border:1px solid #00000010;box-shadow:0 8px 24px rgba(0,0,0,.05)}\r\n    .card h3{margin:0 0 8px 0;font-size:18px;color:var(--accent)}\r\n\r\n    .kv{display:grid;grid-template-columns:200px 1fr;gap:8px 14px;align-items:start}\r\n    .kv .k{color:var(--muted)}\r\n    .kv .v{font-weight:600}\r\n    @media (max-width:560px){.kv{grid-template-columns:1fr} .kv .k{margin-top:8px}}\r\n\r\n    .actions{display:flex;flex-wrap:wrap;gap:10px;margin-top:16px}\r\n    .btn{appearance:none;border:0;border-radius:14px;padding:10px 14px;font-weight:600;cursor:pointer;background:var(--accent);color:white}\r\n    .btn.secondary{background:#eae7e5;color:#332f2f}\r\n    .btn.outline{background:transparent;border:1px solid #00000030;color:#333}\r\n    .hint{font-size:13px;color:var(--muted);margin-top:8px}\r\n\r\n    .notice{font-size:14px;color:#463b3b;background:#fff7f7;border:1px solid #b33b3b30;padding:12px 14px;border-radius:12px;margin-top:16px}\r\n\r\n    @media print {\r\n      body{background:white}\r\n      .wrap{max-width:780px}\r\n      .hero{box-shadow:none;border:1px solid #00000020}\r\n      .card{box-shadow:none;border:1px solid #00000020}\r\n      .actions{display:none}\r\n    }\r\n  <\/style>\r\n<\/head>\r\n<body>\r\n  <div class=\"wrap\">\r\n    <section class=\"hero\">\r\n      <h1 class=\"title\">Bank\u00fcberweisung<\/h1>\r\n      <p class=\"subtitle\">Sie k\u00f6nnen Michaeliten mit einer Bank\u00fcberweisung unterst\u00fctzen. Unten finden Sie die Kontodaten.<\/p>\r\n\r\n      <div class=\"actions\">\r\n        <button class=\"btn\" id=\"copyAll\">Alle Daten kopieren<\/button>\r\n        <button class=\"btn secondary\" id=\"printPdf\">Kontodaten speichern (PDF)<\/button>\r\n      <\/div>\r\n      <p class=\"hint\">Die Schaltfl\u00e4che \u201eKontodaten speichern (PDF)\u201c \u00f6ffnet den Druckdialog Ihres Browsers \u2013 w\u00e4hlen Sie \u201eAls PDF speichern\u201c.<\/p>\r\n    <\/section>\r\n\r\n    <section class=\"grid\">\r\n      <div class=\"card\" id=\"bankinfo\">\r\n        <h3>Spendenkonto bei der GLS Bank in Bochum<\/h3>\r\n        <p class=\"hint\">bei der Stiftung \u201einitiative Menschlichkeit\u201c \u2013 Unterstiftung der Dachstiftung f\u00fcr individuelles Schenken<\/p>\r\n        <div class=\"kv\">\r\n          <div class=\"k\">Empf\u00e4nger<\/div><div class=\"v\" id=\"accName\">GLS Treuhand e.V. - Dachstiftung f\u00fcr individuelles Schenken<\/div>\r\n          <div class=\"k\">Bank<\/div><div class=\"v\" id=\"bankName\">GLS Bank, Bochum<\/div>\r\n          <div class=\"k\">IBAN<\/div><div class=\"v mono\" id=\"iban\">DE54 4306 0967 0103 7008 00<\/div>\r\n          <div class=\"k\">BIC<\/div><div class=\"v mono\" id=\"bic\">GENODEM1GLS<\/div>\r\n          <div class=\"k\">Verwendungszweck<\/div><div class=\"v\" id=\"purpose\">Stfg. initiative Menschlichkeit (948) \u2013 Spende f\u00fcr Michaeliten Fonds<\/div>\r\n        <\/div>\r\n        <div class=\"actions\">\r\n          <button class=\"btn outline\" data-copy=\"#iban\">IBAN kopieren<\/button>\r\n          <button class=\"btn outline\" data-copy=\"#bic\">BIC kopieren<\/button>\r\n        <\/div>\r\n      <\/div>\r\n    <\/section>\r\n\r\n    <section class=\"card\" style=\"margin-top:18px\">\r\n      <h3>Kontakt f\u00fcr Best\u00e4tigung<\/h3>\r\n      <div class=\"kv\">\r\n        <div class=\"k\">E-Mail<\/div><div class=\"v\" id=\"email\">v.kattwinkel@posteo.de<\/div>\r\n        <div class=\"k\">Webseite<\/div><div class=\"v\">https:\/\/michaeliten.org<\/div>\r\n      <\/div>\r\n      <div class=\"hint\">Bitte informieren Sie uns nach der \u00dcberweisung (mit Datum und Betrag), damit wir eine Best\u00e4tigung senden k\u00f6nnen.<\/div>\r\n    <\/section>\r\n  <\/div>\r\n\r\n  <script>\r\n    function copyText(text){\r\n      navigator.clipboard.writeText(text).then(()=>{alert('In die Zwischenablage kopiert');});\r\n    }\r\n    document.querySelectorAll('[data-copy]').forEach(btn=>{\r\n      btn.addEventListener('click',()=>{\r\n        const sel = btn.getAttribute('data-copy');\r\n        const el = document.querySelector(sel);\r\n        copyText(el.textContent.replace(\/\\s+\/g,' ').trim());\r\n      });\r\n    });\r\n\r\n    document.getElementById('copyAll').addEventListener('click',()=>{\r\n      const fields = ['#accName','#bankName','#iban','#bic','#purpose','#email'];\r\n      const text = fields.map(sel=>{\r\n        const el = document.querySelector(sel);\r\n        return (el.previousElementSibling? el.previousElementSibling.textContent + ': ': '') + el.textContent;\r\n      }).join('\\n');\r\n      copyText(text);\r\n    });\r\n\r\n    document.getElementById('printPdf').addEventListener('click',()=>{window.print();});\r\n  <\/script>\r\n<\/body>\r\n<\/html>\r\n\t\t\t\t<\/div>\n\t\t\t\t<\/div>\n\t\t\t\t<\/div>\n\t\t","protected":false},"excerpt":{"rendered":"<p>Seit kurzer Zeit gibt es eine neue EU-Regelung &#8211; daher einige WICHTIGE HINWEISE! * Aufgrund der neuen EU-Regelung reicht es [&hellip;]<\/p>\n","protected":false},"author":2,"featured_media":0,"parent":0,"menu_order":0,"comment_status":"closed","ping_status":"closed","template":"","meta":{"_acf_changed":false,"site-sidebar-layout":"no-sidebar","site-content-layout":"","ast-site-content-layout":"full-width-container","site-content-style":"default","site-sidebar-style":"default","ast-global-header-display":"","ast-banner-title-visibility":"","ast-main-header-display":"","ast-hfb-above-header-display":"","ast-hfb-below-header-display":"","ast-hfb-mobile-header-display":"","site-post-title":"","ast-breadcrumbs-content":"","ast-featured-img":"disabled","footer-sml-layout":"","theme-transparent-header-meta":"","adv-header-id-meta":"","stick-header-meta":"","header-above-stick-meta":"","header-main-stick-meta":"","header-below-stick-meta":"","astra-migrate-meta-layouts":"default","ast-page-background-enabled":"default","ast-page-background-meta":{"desktop":{"background-color":"var(--ast-global-color-5)","background-image":"","background-repeat":"repeat","background-position":"center center","background-size":"auto","background-attachment":"scroll","background-type":"","background-media":"","overlay-type":"","overlay-color":"","overlay-opacity":"","overlay-gradient":""},"tablet":{"background-color":"","background-image":"","background-repeat":"repeat","background-position":"center center","background-size":"auto","background-attachment":"scroll","background-type":"","background-media":"","overlay-type":"","overlay-color":"","overlay-opacity":"","overlay-gradient":""},"mobile":{"background-color":"","background-image":"","background-repeat":"repeat","background-position":"center center","background-size":"auto","background-attachment":"scroll","background-type":"","background-media":"","overlay-type":"","overlay-color":"","overlay-opacity":"","overlay-gradient":""}},"ast-content-background-meta":{"desktop":{"background-color":"var(--ast-global-color-4)","background-image":"","background-repeat":"repeat","background-position":"center center","background-size":"auto","background-attachment":"scroll","background-type":"","background-media":"","overlay-type":"","overlay-color":"","overlay-opacity":"","overlay-gradient":""},"tablet":{"background-color":"var(--ast-global-color-4)","background-image":"","background-repeat":"repeat","background-position":"center center","background-size":"auto","background-attachment":"scroll","background-type":"","background-media":"","overlay-type":"","overlay-color":"","overlay-opacity":"","overlay-gradient":""},"mobile":{"background-color":"var(--ast-global-color-4)","background-image":"","background-repeat":"repeat","background-position":"center center","background-size":"auto","background-attachment":"scroll","background-type":"","background-media":"","overlay-type":"","overlay-color":"","overlay-opacity":"","overlay-gradient":""}},"footnotes":""},"class_list":["post-198","page","type-page","status-publish","hentry"],"acf":[],"_links":{"self":[{"href":"https:\/\/michaeliten.org\/ua\/wp-json\/wp\/v2\/pages\/198","targetHints":{"allow":["GET"]}}],"collection":[{"href":"https:\/\/michaeliten.org\/ua\/wp-json\/wp\/v2\/pages"}],"about":[{"href":"https:\/\/michaeliten.org\/ua\/wp-json\/wp\/v2\/types\/page"}],"author":[{"embeddable":true,"href":"https:\/\/michaeliten.org\/ua\/wp-json\/wp\/v2\/users\/2"}],"replies":[{"embeddable":true,"href":"https:\/\/michaeliten.org\/ua\/wp-json\/wp\/v2\/comments?post=198"}],"version-history":[{"count":40,"href":"https:\/\/michaeliten.org\/ua\/wp-json\/wp\/v2\/pages\/198\/revisions"}],"predecessor-version":[{"id":950,"href":"https:\/\/michaeliten.org\/ua\/wp-json\/wp\/v2\/pages\/198\/revisions\/950"}],"wp:attachment":[{"href":"https:\/\/michaeliten.org\/ua\/wp-json\/wp\/v2\/media?parent=198"}],"curies":[{"name":"wp","href":"https:\/\/api.w.org\/{rel}","templated":true}]}}